{"id":5963,"date":"2016-10-31T17:33:34","date_gmt":"2016-10-31T19:33:34","guid":{"rendered":"https:\/\/bernard.com.br\/conteudos\/"},"modified":"2022-06-02T20:45:16","modified_gmt":"2022-06-02T23:45:16","slug":"contenido","status":"publish","type":"page","link":"https:\/\/bernard.com.br\/es\/contenido\/","title":{"rendered":"Contenido"},"content":{"rendered":"<div class=\"wpb-content-wrapper\"><p>[vc_row][vc_column][vc_empty_space height=\u00bb24px\u00bb][\/vc_column][\/vc_row][vc_row][vc_column width=\u00bb1\/4&#8243;]<div class=\"ult_pricing_table_wrap ult_info_table ult_design_4  ult-cs-blue  \">\n\t\t\t\t\t<div class=\"ult_pricing_table info_min_ht\" style=\" min-height:15px;\"><div id=\"Info-table-wrap-3067\" class=\"ult_pricing_heading\">\n\t\t\t\t\t\t\t<h3 class=\"ult-responsive\"  data-ultimate-target='#Info-table-wrap-3067 h3'  data-responsive-json-new='{\"font-size\":\"desktop:16px;\",\"line-height\":\"\"}'  style=\"font-family:&#039;Raleway&#039;;font-weight:bold;color:#000000;\">Biblioteca<\/h3><\/div><!--ult_pricing_heading--><div class=\"ult_price_body_block\">\n\t\t\t\t\t\t\t<div class=\"ult_price_body\">\n\t\t\t\t\t\t\t\t<div class=\"ult_price\">\n\t\t\t\t\t\t\t\t\t<div class=\"ult-just-icon-wrapper  \"><div class=\"align-icon\" style=\"text-align:center;\">\n<div class=\"aio-icon circle \"  style=\"color:#ffffff;background:#2867b6;font-size:30px;display:inline-block;\">\n\t<i class=\"Defaults-bookmark\"><\/i>\n<\/div><\/div><\/div>\n\t\t\t\t\t\t\t\t<\/div>\n\t\t\t\t\t\t\t<\/div>\n\t\t\t\t\t\t<\/div><!--ult_price_body_block--><div id=\"info_table_features_wrap-1821\"  data-ultimate-target='#info_table_features_wrap-1821.ult_price_features'  data-responsive-json-new='{\"font-size\":\"\",\"line-height\":\"\"}'  class=\"ult-responsive ult_price_features\" style=\"font-weight:normal;\">\n\t\t\t\t\t\t\t<p style=\"text-align: justify;\">Acceda a art\u00edculos cient\u00edficos sobre simulaci\u00f3n de gesti\u00f3n publicados por nuestro equipo y los usuarios de nuestros simuladores.<\/p>\n\n\t\t\t\t\t\t<\/div><!--ult_price_features--><div id=\"info_table_btn_wrap-5556\" class=\"ult_price_link\" style=\"\">\n\t\t\t\t\t\t\t<a href=\"https:\/\/bernard.com.br\/es\/contenido\/biblioteca\/\" title=\"Not\u00edcias\"   data-ultimate-target='#info_table_btn_wrap-5556 .ult_price_action_button'  data-responsive-json-new='{\"font-size\":\"\",\"line-height\":\"desktop:14px;\"}'  class=\"ult-responsive ult_price_action_button\" style=\" font-family:&#039;Raleway&#039;;font-weight:bold;\">Acceder a las publicaciones<\/a>\n\t\t\t\t\t\t<\/div><!--ult_price_link--><div class=\"ult_clr\"><\/div>\n\t\t\t<\/div><!--pricing_table-->\n\t\t<\/div><!--pricing_table_wrap-->[\/vc_column][vc_column width=\u00bb1\/4&#8243;]<div class=\"ult_pricing_table_wrap ult_info_table ult_design_4  ult-cs-blue  \">\n\t\t\t\t\t<div class=\"ult_pricing_table info_min_ht\" style=\" min-height:15px;\"><div id=\"Info-table-wrap-8223\" class=\"ult_pricing_heading\">\n\t\t\t\t\t\t\t<h3 class=\"ult-responsive\"  data-ultimate-target='#Info-table-wrap-8223 h3'  data-responsive-json-new='{\"font-size\":\"desktop:16px;\",\"line-height\":\"\"}'  style=\"font-family:&#039;Raleway&#039;;font-weight:bold;color:#000000;\">Blog<\/h3><\/div><!--ult_pricing_heading--><div class=\"ult_price_body_block\">\n\t\t\t\t\t\t\t<div class=\"ult_price_body\">\n\t\t\t\t\t\t\t\t<div class=\"ult_price\">\n\t\t\t\t\t\t\t\t\t<div class=\"ult-just-icon-wrapper  \"><div class=\"align-icon\" style=\"text-align:center;\">\n<div class=\"aio-icon circle \"  style=\"color:#ffffff;background:#2867b6;font-size:30px;display:inline-block;\">\n\t<i class=\"Defaults-newspaper-o\"><\/i>\n<\/div><\/div><\/div>\n\t\t\t\t\t\t\t\t<\/div>\n\t\t\t\t\t\t\t<\/div>\n\t\t\t\t\t\t<\/div><!--ult_price_body_block--><div id=\"info_table_features_wrap-4925\"  data-ultimate-target='#info_table_features_wrap-4925.ult_price_features'  data-responsive-json-new='{\"font-size\":\"\",\"line-height\":\"\"}'  class=\"ult-responsive ult_price_features\" style=\"font-weight:normal;\">\n\t\t\t\t\t\t\t<p style=\"text-align: justify;\">Siga las noticias de la compa\u00f1\u00eda y los simuladores de negocios, as\u00ed como los art\u00edculos sobre el universo de los juegos corporativos.<\/p>\n\n\t\t\t\t\t\t<\/div><!--ult_price_features--><div id=\"info_table_btn_wrap-1037\" class=\"ult_price_link\" style=\"\">\n\t\t\t\t\t\t\t<a href=\"https:\/\/bernard.com.br\/es\/conteudos\/blog\/\" title=\"Not\u00edcias\"   data-ultimate-target='#info_table_btn_wrap-1037 .ult_price_action_button'  data-responsive-json-new='{\"font-size\":\"\",\"line-height\":\"desktop:14px;\"}'  class=\"ult-responsive ult_price_action_button\" style=\" font-family:&#039;Raleway&#039;;font-weight:bold;\">Leer el contenido m\u00e1s reciente<\/a>\n\t\t\t\t\t\t<\/div><!--ult_price_link--><div class=\"ult_clr\"><\/div>\n\t\t\t<\/div><!--pricing_table-->\n\t\t<\/div><!--pricing_table_wrap-->[\/vc_column][vc_column width=\u00bb1\/4&#8243;]<div class=\"ult_pricing_table_wrap ult_info_table ult_design_4  ult-cs-blue  \">\n\t\t\t\t\t<div class=\"ult_pricing_table info_min_ht\" style=\" min-height:15px;\"><div id=\"Info-table-wrap-1796\" class=\"ult_pricing_heading\">\n\t\t\t\t\t\t\t<h3 class=\"ult-responsive\"  data-ultimate-target='#Info-table-wrap-1796 h3'  data-responsive-json-new='{\"font-size\":\"desktop:16px;\",\"line-height\":\"\"}'  style=\"font-family:&#039;Raleway&#039;;font-weight:bold;color:#000000;\">Blog del Profesor<\/h3><\/div><!--ult_pricing_heading--><div class=\"ult_price_body_block\">\n\t\t\t\t\t\t\t<div class=\"ult_price_body\">\n\t\t\t\t\t\t\t\t<div class=\"ult_price\">\n\t\t\t\t\t\t\t\t\t<div class=\"ult-just-icon-wrapper  \"><div class=\"align-icon\" style=\"text-align:center;\">\n<div class=\"aio-icon circle \"  style=\"color:#ffffff;background:#2867b6;font-size:30px;display:inline-block;\">\n\t<i class=\"Defaults-book\"><\/i>\n<\/div><\/div><\/div>\n\t\t\t\t\t\t\t\t<\/div>\n\t\t\t\t\t\t\t<\/div>\n\t\t\t\t\t\t<\/div><!--ult_price_body_block--><div id=\"info_table_features_wrap-6731\"  data-ultimate-target='#info_table_features_wrap-6731.ult_price_features'  data-responsive-json-new='{\"font-size\":\"\",\"line-height\":\"\"}'  class=\"ult-responsive ult_price_features\" style=\"font-weight:normal;\">\n\t\t\t\t\t\t\t<p style=\"text-align: justify;\">Aprenda sobre simulaci\u00f3n con el profesor Ricardo Bernard compartiendo sus experiencias con entusiastas de los juegos de negocios.<\/p>\n\n\t\t\t\t\t\t<\/div><!--ult_price_features--><div id=\"info_table_btn_wrap-8608\" class=\"ult_price_link\" style=\"\">\n\t\t\t\t\t\t\t<a href=\"https:\/\/bernard.com.br\/es\/conteudos\/blog-do-profesor\/\" title=\"Blog do Professor\"   data-ultimate-target='#info_table_btn_wrap-8608 .ult_price_action_button'  data-responsive-json-new='{\"font-size\":\"\",\"line-height\":\"desktop:14px;\"}'  class=\"ult-responsive ult_price_action_button\" style=\" font-family:&#039;Raleway&#039;;font-weight:bold;\">Aprender m\u00e1s sobre simulaci\u00f3n<\/a>\n\t\t\t\t\t\t<\/div><!--ult_price_link--><div class=\"ult_clr\"><\/div>\n\t\t\t<\/div><!--pricing_table-->\n\t\t<\/div><!--pricing_table_wrap-->[\/vc_column][vc_column width=\u00bb1\/4&#8243;]<div class=\"ult_pricing_table_wrap ult_info_table ult_design_4  ult-cs-blue  \">\n\t\t\t\t\t<div class=\"ult_pricing_table info_min_ht\" style=\" min-height:15px;\"><div id=\"Info-table-wrap-9288\" class=\"ult_pricing_heading\">\n\t\t\t\t\t\t\t<h3 class=\"ult-responsive\"  data-ultimate-target='#Info-table-wrap-9288 h3'  data-responsive-json-new='{\"font-size\":\"desktop:16px;\",\"line-height\":\"\"}'  style=\"font-family:&#039;Raleway&#039;;font-weight:bold;color:#000000;\">Entrevistas<\/h3><\/div><!--ult_pricing_heading--><div class=\"ult_price_body_block\">\n\t\t\t\t\t\t\t<div class=\"ult_price_body\">\n\t\t\t\t\t\t\t\t<div class=\"ult_price\">\n\t\t\t\t\t\t\t\t\t<div class=\"ult-just-icon-wrapper  \"><div class=\"align-icon\" style=\"text-align:center;\">\n<div class=\"aio-icon circle \"  style=\"color:#ffffff;background:#2867b6;font-size:30px;display:inline-block;\">\n\t<i class=\"Defaults-microphone\"><\/i>\n<\/div><\/div><\/div>\n\t\t\t\t\t\t\t\t<\/div>\n\t\t\t\t\t\t\t<\/div>\n\t\t\t\t\t\t<\/div><!--ult_price_body_block--><div id=\"info_table_features_wrap-3173\"  data-ultimate-target='#info_table_features_wrap-3173.ult_price_features'  data-responsive-json-new='{\"font-size\":\"\",\"line-height\":\"\"}'  class=\"ult-responsive ult_price_features\" style=\"font-weight:normal;\">\n\t\t\t\t\t\t\t<p style=\"text-align: justify;\">Lea las entrevistas de la empresa con los clientes y hable sobre el uso de las soluciones y simuladores de negocios de Bernard.<\/p>\n\n\t\t\t\t\t\t<\/div><!--ult_price_features--><div id=\"info_table_btn_wrap-4787\" class=\"ult_price_link\" style=\"\">\n\t\t\t\t\t\t\t<a href=\"https:\/\/bernard.com.br\/es\/conteudos\/entrevistas\/\" title=\"Entrevistas\"   data-ultimate-target='#info_table_btn_wrap-4787 .ult_price_action_button'  data-responsive-json-new='{\"font-size\":\"\",\"line-height\":\"desktop:14px;\"}'  class=\"ult-responsive ult_price_action_button\" style=\" font-family:&#039;Raleway&#039;;font-weight:bold;\">Leer entrevistas exclusivas<\/a>\n\t\t\t\t\t\t<\/div><!--ult_price_link--><div class=\"ult_clr\"><\/div>\n\t\t\t<\/div><!--pricing_table-->\n\t\t<\/div><!--pricing_table_wrap-->[\/vc_column][\/vc_row]<\/p>\n<\/div>","protected":false},"excerpt":{"rendered":"<p>[vc_row][vc_column][vc_empty_space height=\u00bb24px\u00bb][\/vc_column][\/vc_row][vc_row][vc_column width=\u00bb1\/4&#8243;][\/vc_column][vc_column width=\u00bb1\/4&#8243;][\/vc_column][vc_column width=\u00bb1\/4&#8243;][\/vc_column][vc_column width=\u00bb1\/4&#8243;][\/vc_column][\/vc_row]<\/p>\n","protected":false},"author":1,"featured_media":0,"parent":0,"menu_order":0,"comment_status":"closed","ping_status":"closed","template":"","meta":{"_monsterinsights_skip_tracking":false,"_monsterinsights_sitenote_active":false,"_monsterinsights_sitenote_note":"","_monsterinsights_sitenote_category":0,"footnotes":""},"class_list":["post-5963","page","type-page","status-publish","hentry","description-off"],"aioseo_notices":[],"_links":{"self":[{"href":"https:\/\/bernard.com.br\/es\/wp-json\/wp\/v2\/pages\/5963","targetHints":{"allow":["GET"]}}],"collection":[{"href":"https:\/\/bernard.com.br\/es\/wp-json\/wp\/v2\/pages"}],"about":[{"href":"https:\/\/bernard.com.br\/es\/wp-json\/wp\/v2\/types\/page"}],"author":[{"embeddable":true,"href":"https:\/\/bernard.com.br\/es\/wp-json\/wp\/v2\/users\/1"}],"replies":[{"embeddable":true,"href":"https:\/\/bernard.com.br\/es\/wp-json\/wp\/v2\/comments?post=5963"}],"version-history":[{"count":4,"href":"https:\/\/bernard.com.br\/es\/wp-json\/wp\/v2\/pages\/5963\/revisions"}],"predecessor-version":[{"id":5979,"href":"https:\/\/bernard.com.br\/es\/wp-json\/wp\/v2\/pages\/5963\/revisions\/5979"}],"wp:attachment":[{"href":"https:\/\/bernard.com.br\/es\/wp-json\/wp\/v2\/media?parent=5963"}],"curies":[{"name":"wp","href":"https:\/\/api.w.org\/{rel}","templated":true}]}}