{"id":5398,"date":"2016-10-31T17:38:12","date_gmt":"2016-10-31T19:38:12","guid":{"rendered":"https:\/\/bernard.com.br\/blog-do-professor\/"},"modified":"2022-06-02T20:47:31","modified_gmt":"2022-06-02T23:47:31","slug":"blog-del-profesor","status":"publish","type":"page","link":"https:\/\/bernard.com.br\/es\/contenido\/blog-del-profesor\/","title":{"rendered":"Blog del Profesor"},"content":{"rendered":"<blockquote><p><img loading=\"lazy\" decoding=\"async\" class=\"alignright wp-image-1595\" src=\"https:\/\/bernard.com.br\/wp-content\/uploads\/2017\/01\/Ricardo-Bernard-255x300.png\" alt=\"blog del profesor\" width=\"217\" height=\"255\" srcset=\"https:\/\/bernard.com.br\/wp-content\/uploads\/2017\/01\/Ricardo-Bernard-255x300.png 255w, https:\/\/bernard.com.br\/wp-content\/uploads\/2017\/01\/Ricardo-Bernard.png 518w\" sizes=\"auto, (max-width: 217px) 100vw, 217px\" \/><\/p>\n<p style=\"text-align: justify;\"><strong>\u00a1Hola, bienvenidos al Blog del Profesor!<\/strong><\/p>\n<p style=\"text-align: justify;\">Nuestro objetivo es compartir con entusiastas de <a href=\"https:\/\/bernard.com.br\/es\/simulacion-gerencial\/\">simulaci\u00f3n gerencial<\/a>, experiencias vividas por el profesor Ricardo Bernard de la Universidad Federal de Santa Catarina (UFSC \/ Brasil). \u00c9l es graduado en Administraci\u00f3n de empresas en la Universidad del Estado de Santa Catarina, Brasil (ESAG\/UDESC, 1991) y en Ingenier\u00eda Agron\u00f3mica (UFSC, 1987), Es mestre em Ingenier\u00eda de Producci\u00f3n (UFSC, 1993) Y Ph.D. em Administraci\u00f3n de Empresas por la \u00c9cole des Hautes \u00c9tudes Commerciales \u2013 HEC, en Montreal, Canad\u00e1 (2005). Fue director de la Association for Business Simulation and Experiential Learning (ABSEL), principal organizaci\u00f3n mundial en el \u00e1rea de juegos de negocios (simulaciones gerenciales).<\/p>\n<p style=\"text-align: justify;\"><strong>\u00a1Aprovechen los consejos!<\/strong><\/p>\n<\/blockquote>\n","protected":false},"excerpt":{"rendered":"<p>\u00a1Hola, bienvenidos al Blog del Profesor! Nuestro objetivo es compartir con entusiastas de simulaci\u00f3n gerencial, experiencias vividas por el profesor Ricardo Bernard de la Universidad Federal de Santa Catarina (UFSC \/ Brasil). \u00c9l es graduado en Administraci\u00f3n de empresas en la Universidad del Estado de Santa Catarina, Brasil (ESAG\/UDESC, 1991) y en Ingenier\u00eda Agron\u00f3mica (UFSC,&hellip;<\/p>\n","protected":false},"author":1,"featured_media":0,"parent":5963,"menu_order":0,"comment_status":"closed","ping_status":"closed","template":"template-blog-masonry.php","meta":{"_monsterinsights_skip_tracking":false,"_monsterinsights_sitenote_active":false,"_monsterinsights_sitenote_note":"","_monsterinsights_sitenote_category":0,"footnotes":""},"class_list":["post-5398","page","type-page","status-publish","hentry","description-off"],"aioseo_notices":[],"_links":{"self":[{"href":"https:\/\/bernard.com.br\/es\/wp-json\/wp\/v2\/pages\/5398","targetHints":{"allow":["GET"]}}],"collection":[{"href":"https:\/\/bernard.com.br\/es\/wp-json\/wp\/v2\/pages"}],"about":[{"href":"https:\/\/bernard.com.br\/es\/wp-json\/wp\/v2\/types\/page"}],"author":[{"embeddable":true,"href":"https:\/\/bernard.com.br\/es\/wp-json\/wp\/v2\/users\/1"}],"replies":[{"embeddable":true,"href":"https:\/\/bernard.com.br\/es\/wp-json\/wp\/v2\/comments?post=5398"}],"version-history":[{"count":3,"href":"https:\/\/bernard.com.br\/es\/wp-json\/wp\/v2\/pages\/5398\/revisions"}],"predecessor-version":[{"id":6713,"href":"https:\/\/bernard.com.br\/es\/wp-json\/wp\/v2\/pages\/5398\/revisions\/6713"}],"up":[{"embeddable":true,"href":"https:\/\/bernard.com.br\/es\/wp-json\/wp\/v2\/pages\/5963"}],"wp:attachment":[{"href":"https:\/\/bernard.com.br\/es\/wp-json\/wp\/v2\/media?parent=5398"}],"curies":[{"name":"wp","href":"https:\/\/api.w.org\/{rel}","templated":true}]}}