{"id":5089,"date":"2019-05-23T18:06:26","date_gmt":"2019-05-23T21:06:26","guid":{"rendered":"https:\/\/bernard.com.br\/?page_id=5089"},"modified":"2022-06-02T21:18:53","modified_gmt":"2022-06-03T00:18:53","slug":"fondos-de-inversion-sinvest","status":"publish","type":"page","link":"https:\/\/bernard.com.br\/es\/simuladores\/fondos-de-inversion-sinvest\/","title":{"rendered":"Fondos de Inversi\u00f3n &#8211; SINVEST"},"content":{"rendered":"<div class=\"wpb-content-wrapper\"><p>[vc_row][vc_column width=\u00bb1\/2&#8243;][vc_custom_heading text=\u00bb\u00bfQu\u00e9 es?\u00bb google_fonts=\u00bbfont_family:Raleway%3A100%2C200%2C300%2Cregular%2C500%2C600%2C700%2C800%2C900|font_style:700%20bold%20regular%3A700%3Anormal\u00bb][vc_column_text]<\/p>\n<p style=\"text-align: justify;\">Simulador destinado al aprendizaje de operaciones en el mercado de capitales, espec\u00edficamente en el mercado accionario y de renta fija. Los fondos de inversi\u00f3n simulados deben comprar y vender acciones de empresas pertenecientes a otro simulador de Bernard. Los gestores de fondos tambi\u00e9n pueden invertir parte de sus recursos en renta fija. La competici\u00f3n en Sinvest ocurre para determinar cu\u00e1l es el fondo que tiene la mayor rentabilidad.<\/p>\n<p>[\/vc_column_text][vc_empty_space height=\u00bb15px\u00bb]<div class=\"flip-box-wrap\" tabindex=\"0\" style=\"\"><div class=\"flip-box ifb-jq-height  horizontal_flip_left flip-ifb-jq-height\" data-animation=\"\" data-animation-delay=\"03\" style=\"\" ><div class=\"ifb-flip-box\" id=\"flip-box-wrap-4251\"><div class=\"ifb-face ifb-front \" style=\"color:#333333;background:#efefef; border-style: solid;border-width: 2px; border-color:#a4a4a4; \">\n\t\t\t\t\t\t\t<div class=\"ifb-flip-box-section \">\n\t\t\t\t\t\t\t<div class=\"flip-box-icon\"><div class=\"ult-just-icon-wrapper  \"><div class=\"align-icon\" style=\"text-align:center;\">\n<div class=\"aio-icon none \"  style=\"color:#333333;font-size:32px;display:inline-block;\">\n\t<i class=\"Defaults-star\"><\/i>\n<\/div><\/div><\/div><\/div><h3 class=\"ult-responsive flipbox_heading\"  data-ultimate-target='#flip-box-wrap-4251 .ult-responsive.flipbox_heading'  data-responsive-json-new='{\"font-size\":\"\",\"line-height\":\"\"}'  style=\"color:#333333; \">Recomendaci\u00f3n de Uso<\/h3><div class=\"ifb-flip-box-section-content ult-responsive\"  data-ultimate-target='#flip-box-wrap-4251 .ifb-flip-box-section-content.ult-responsive'  data-responsive-json-new='{\"font-size\":\"\",\"line-height\":\"\"}'  style=\"color:#333333;\"><p>Medio Acad\u00e9mico:<br \/>\n- Cursos de graduaci\u00f3n y post que tengan enfoque en mercado de capitales<\/p>\n<p>Medio Corporativo:<br \/>\n- Instituciones del mercado financiero<\/p><\/div><\/div><\/div><!-- END .front -->\n\t\t\t\t\t\t<div class=\"ifb-face ifb-back\" style=\"color:#333333;background:#efefef; border-style: solid;border-width: 2px; border-color:#a4a4a4; \">\n\t\t\t\t\t\t\t<div class=\"ifb-flip-box-section \"><h3 class=\"ult-responsive flipbox_heading\"  data-ultimate-target='#flip-box-wrap-4251 .ult-responsive.flipbox_heading'  data-responsive-json-new='{\"font-size\":\"\",\"line-height\":\"\"}'  style=\"color:#333333; \">\u00bfQuieres saber m\u00e1s sobre el SINVEST?<\/h3><div class=\"ifb-desc-back\"><div class=\"ifb-flip-box-section-content ult-responsive\"  data-ultimate-target='#flip-box-wrap-4251 .ifb-flip-box-section-content.ult-responsive'  data-responsive-json-new='{\"font-size\":\"\",\"line-height\":\"\"}'  style=\"color:#333333;\"><p>Si desea m\u00e1s informaci\u00f3n sobre el simulador de fondos de inversi\u00f3n, p\u00f3ngase en contacto ahora con un consultor de Bernard.<\/p>\n<p>\u00a1Elaboramos una propuesta personalizada para su necesidad!<\/p>\n<p><\/p><\/div><\/div><div class=\"flip_link\"><a href=\"https:\/\/bernard.com.br\/es\/contacto\/\"  style=\"background:#333333; color:#ffffff;\">\u00a1Quiero hablar con un consultor!<\/a><\/div><\/div><\/div><!-- END .back --><\/div> <!-- ifb-flip-box --><\/div> <!-- flip-box --><\/div><!-- End icon block -->[\/vc_column][vc_column width=\u00bb1\/2&#8243;][vc_empty_space height=\u00bb10px\u00bb][vc_single_image image=\u00bb5101&#8243; img_size=\u00bb425&#215;250&#8243; alignment=\u00bbcenter\u00bb][vc_custom_heading text=\u00bb\u00bfC\u00f3mo funciona?\u00bb google_fonts=\u00bbfont_family:Raleway%3A100%2C200%2C300%2Cregular%2C500%2C600%2C700%2C800%2C900|font_style:700%20bold%20regular%3A700%3Anormal\u00bb][vc_column_text]<\/p>\n<p style=\"text-align: justify;\">Para cada per\u00edodo simulado es necesario que los gestores de los fondos operen en el mercado accionario (compra y venta de acciones) y de renta fija (inversi\u00f3n). Despu\u00e9s de simulado un per\u00edodo los gestores reciben reportes de las operaciones realizadas, cartera de acciones, extracto de aplicaciones en renta fija, flujo de caja, demostraci\u00f3n del resultado del ejercicio y tablas comparativas de desempe\u00f1o entre per\u00edodos y entre los dem\u00e1s fondos de inversi\u00f3n de la simulaci\u00f3n. Los resultados comparativos tambi\u00e9n se pueden analizar gr\u00e1ficamente.<\/p>\n<p>[\/vc_column_text][\/vc_column][\/vc_row]<\/p>\n<\/div>","protected":false},"excerpt":{"rendered":"<p>[vc_row][vc_column width=\u00bb1\/2&#8243;][vc_custom_heading text=\u00bb\u00bfQu\u00e9 es?\u00bb google_fonts=\u00bbfont_family:Raleway%3A100%2C200%2C300%2Cregular%2C500%2C600%2C700%2C800%2C900|font_style:700%20bold%20regular%3A700%3Anormal\u00bb][vc_column_text] Simulador destinado al aprendizaje de operaciones en el mercado de capitales, espec\u00edficamente en el mercado accionario y de renta fija. Los fondos de inversi\u00f3n simulados deben comprar y vender acciones de empresas pertenecientes a otro simulador de Bernard. Los gestores de fondos tambi\u00e9n pueden invertir parte de sus recursos en&hellip;<\/p>\n","protected":false},"author":1,"featured_media":0,"parent":2457,"menu_order":0,"comment_status":"closed","ping_status":"closed","template":"","meta":{"_monsterinsights_skip_tracking":false,"_monsterinsights_sitenote_active":false,"_monsterinsights_sitenote_note":"","_monsterinsights_sitenote_category":0,"footnotes":""},"class_list":["post-5089","page","type-page","status-publish","hentry","description-off"],"aioseo_notices":[],"_links":{"self":[{"href":"https:\/\/bernard.com.br\/es\/wp-json\/wp\/v2\/pages\/5089","targetHints":{"allow":["GET"]}}],"collection":[{"href":"https:\/\/bernard.com.br\/es\/wp-json\/wp\/v2\/pages"}],"about":[{"href":"https:\/\/bernard.com.br\/es\/wp-json\/wp\/v2\/types\/page"}],"author":[{"embeddable":true,"href":"https:\/\/bernard.com.br\/es\/wp-json\/wp\/v2\/users\/1"}],"replies":[{"embeddable":true,"href":"https:\/\/bernard.com.br\/es\/wp-json\/wp\/v2\/comments?post=5089"}],"version-history":[{"count":5,"href":"https:\/\/bernard.com.br\/es\/wp-json\/wp\/v2\/pages\/5089\/revisions"}],"predecessor-version":[{"id":5149,"href":"https:\/\/bernard.com.br\/es\/wp-json\/wp\/v2\/pages\/5089\/revisions\/5149"}],"up":[{"embeddable":true,"href":"https:\/\/bernard.com.br\/es\/wp-json\/wp\/v2\/pages\/2457"}],"wp:attachment":[{"href":"https:\/\/bernard.com.br\/es\/wp-json\/wp\/v2\/media?parent=5089"}],"curies":[{"name":"wp","href":"https:\/\/api.w.org\/{rel}","templated":true}]}}