{"id":2574,"date":"2017-06-30T11:47:12","date_gmt":"2017-06-30T14:47:12","guid":{"rendered":"https:\/\/bernard.com.br\/simuladores\/bancario-sisban\/"},"modified":"2022-06-02T21:18:10","modified_gmt":"2022-06-03T00:18:10","slug":"bancario-siban","status":"publish","type":"page","link":"https:\/\/bernard.com.br\/es\/simuladores\/bancario-siban\/","title":{"rendered":"Bancario &#8211; SIBAN"},"content":{"rendered":"<div class=\"wpb-content-wrapper\"><p>[vc_row][vc_column width=\u00bb1\/2&#8243;][vc_custom_heading text=\u00bb\u00bfQu\u00e9 es?\u00bb google_fonts=\u00bbfont_family:Raleway%3A100%2C200%2C300%2Cregular%2C500%2C600%2C700%2C800%2C900|font_style:700%20bold%20regular%3A700%3Anormal\u00bb][vc_column_text]<\/p>\n<p style=\"text-align: justify;\">Es un simulador destinado para la simulaci\u00f3n de procedimientos bancarios a trav\u00e9s de la toma de decisiones. Bancos simulados generan lucros por medio de la diferencia entre las tasas de inter\u00e9s de pr\u00e9stamos y las tasas cobradas en la hora del pagamento del dinero otorgado, operaci\u00f3n conocida como spread bancario. Los bancos de la simulaci\u00f3n captan dinero por dep\u00f3sitos bancarios, t\u00edtulos bancarios y cajas de ahorro. El banco ofrece pr\u00e9stamos tanto para persona f\u00edsica como para persona jur\u00eddica y financiamientos inmobiliarios.<\/p>\n<p>[\/vc_column_text][vc_empty_space height=\u00bb40px\u00bb][vc_single_image image=\u00bb638&#8243; img_size=\u00bb560&#215;330&#8243;][\/vc_column][vc_column width=\u00bb1\/2&#8243;][vc_empty_space height=\u00bb20px\u00bb]<div class=\"flip-box-wrap\" tabindex=\"0\" style=\"\"><div class=\"flip-box ifb-jq-height  horizontal_flip_left flip-ifb-jq-height\" data-animation=\"\" data-animation-delay=\"03\" style=\"\" ><div class=\"ifb-flip-box\" id=\"flip-box-wrap-9472\"><div class=\"ifb-face ifb-front \" style=\"color:#333333;background:#efefef; border-style: solid;border-width: 2px; border-color:#a4a4a4; \">\n\t\t\t\t\t\t\t<div class=\"ifb-flip-box-section \">\n\t\t\t\t\t\t\t<div class=\"flip-box-icon\"><div class=\"ult-just-icon-wrapper  \"><div class=\"align-icon\" style=\"text-align:center;\">\n<div class=\"aio-icon none \"  style=\"color:#333333;font-size:32px;display:inline-block;\">\n\t<i class=\"Defaults-star\"><\/i>\n<\/div><\/div><\/div><\/div><h3 class=\"ult-responsive flipbox_heading\"  data-ultimate-target='#flip-box-wrap-9472 .ult-responsive.flipbox_heading'  data-responsive-json-new='{\"font-size\":\"\",\"line-height\":\"\"}'  style=\"color:#333333; \">Recomendaci\u00f3n de Uso<\/h3><div class=\"ifb-flip-box-section-content ult-responsive\"  data-ultimate-target='#flip-box-wrap-9472 .ifb-flip-box-section-content.ult-responsive'  data-responsive-json-new='{\"font-size\":\"\",\"line-height\":\"\"}'  style=\"color:#333333;\"><p>Medio Acad\u00e9mico:<br \/>\n- Cursos de postgrado con \u00e9nfasis en el mercado bancario<\/p>\n<p>Medio Corporativo:<br \/>\n- Bancos y empresas vinculadas al sistema financiero<\/p><\/div><\/div><\/div><!-- END .front -->\n\t\t\t\t\t\t<div class=\"ifb-face ifb-back\" style=\"color:#333333;background:#efefef; border-style: solid;border-width: 2px; border-color:#a4a4a4; \">\n\t\t\t\t\t\t\t<div class=\"ifb-flip-box-section \"><h3 class=\"ult-responsive flipbox_heading\"  data-ultimate-target='#flip-box-wrap-9472 .ult-responsive.flipbox_heading'  data-responsive-json-new='{\"font-size\":\"\",\"line-height\":\"\"}'  style=\"color:#333333; \">\u00bfQuieres saber m\u00e1s sobre el SISBAN?<\/h3><div class=\"ifb-desc-back\"><div class=\"ifb-flip-box-section-content ult-responsive\"  data-ultimate-target='#flip-box-wrap-9472 .ifb-flip-box-section-content.ult-responsive'  data-responsive-json-new='{\"font-size\":\"\",\"line-height\":\"\"}'  style=\"color:#333333;\"><p>Si desea m\u00e1s informaci\u00f3n sobre el Simulador Bancario y su aplicaci\u00f3n, p\u00f3ngase en contacto ahora con un consultor de Bernard.<\/p>\n<p>\u00a1Elaboramos una propuesta personalizada para su necesidad!<\/p><\/div><\/div><div class=\"flip_link\"><a href=\"http:\/\/www.bernard.com.br\/es\/contacto\/\"  style=\"background:#333333; color:#ffffff;\">\u00a1Quiero hablar con un consultor!<\/a><\/div><\/div><\/div><!-- END .back --><\/div> <!-- ifb-flip-box --><\/div> <!-- flip-box --><\/div><!-- End icon block -->[vc_custom_heading text=\u00bb\u00bfC\u00f3mo funciona?\u00bb google_fonts=\u00bbfont_family:Raleway%3A100%2C200%2C300%2Cregular%2C500%2C600%2C700%2C800%2C900|font_style:700%20bold%20regular%3A700%3Anormal\u00bb][vc_column_text]<\/p>\n<p style=\"text-align: justify;\">El SIBAN\u00a0reproduce condiciones de operaci\u00f3n de las principales \u00e1reas funcionales de un banco, como la gesti\u00f3n de la cartera de productos (t\u00edtulos del banco, caja de ahorro, pr\u00e9stamos y financiamientos), administraci\u00f3n operacional (sucursales, publicidad, tecnolog\u00eda de la informaci\u00f3n y calidad de atenci\u00f3n al cliente), administraci\u00f3n de recursos humanos (contrataci\u00f3n \/ despido, pol\u00edticas de remuneraci\u00f3n y entrenamiento, motivaci\u00f3n y productividad) y administraci\u00f3n contable-financiera (flujo de caja, inversi\u00f3n en t\u00edtulos del gobierno, pr\u00e9stamos interbancarios y junto al Banco Central).<\/p>\n<p style=\"text-align: justify;\">Los bancos simulados son sociedades an\u00f3nimas de capital abierto, con acciones cotizadas en la Bolsa de Valores ficticia. Los valores de las acciones var\u00edan de acuerdo con el desempe\u00f1o de los bancos, y tambi\u00e9n por la situaci\u00f3n macroecon\u00f3mica simulada, que son manipuladas por el coordinador de la simulaci\u00f3n.<\/p>\n<p>[\/vc_column_text][\/vc_column][\/vc_row][vc_row][vc_column][vc_empty_space height=\u00bb15&#8243;]<div class=\"dt-fancy-separator h2-size style-double title-color\" style=\"width: 70%;\"><div class=\"dt-fancy-title\"><span class=\"separator-holder separator-left\"><\/span>Funciones del WebSimulador<span class=\"separator-holder separator-right\"><\/span><\/div><\/div>[vc_empty_space height=\u00bb15&#8243;][vc_column_text]<\/p>\n<p style=\"text-align: center;\"><span style=\"font-size: 12pt; color: #333333;\">Conozca los diferenciales del WebSimulador, ambiente de juegos de negocios de Bernard.<\/span><\/p>\n<p>[\/vc_column_text][\/vc_column][\/vc_row][vc_row][vc_column]<div class=\"ult-animation  ult-animate-viewport  ult-no-mobile  vc_custom_1479930805710\" data-animate=\"swing\" data-animation-delay=\"0\" data-animation-duration=\"3\" data-animation-iteration=\"1\" style=\"opacity:0;\" data-opacity_start_effect=\"\">[vc_row_inner][vc_column_inner width=\u00bb1\/3&#8243;]<div class=\"aio-icon-component  vc_custom_1481228904859   style_2\"><div id=\"Info-box-wrap-5568\" class=\"aio-icon-box default-icon\" style=\"\"  ><div class=\"aio-icon-default\"><div class=\"ult-just-icon-wrapper  \"><div class=\"align-icon\" style=\"text-align:center;\">\n<div class=\"aio-icon none \"  style=\"color:#154096;font-size:25px;display:inline-block;\">\n\t<i class=\"Defaults-download\"><\/i>\n<\/div><\/div><\/div><\/div><div class=\"aio-icon-header\" ><h3 class=\"aio-icon-title ult-responsive\"  data-ultimate-target='#Info-box-wrap-5568 .aio-icon-title'  data-responsive-json-new='{\"font-size\":\"\",\"line-height\":\"\"}'  style=\"color:#000000;\">Material de Apoyo<\/h3><\/div> <!-- header --><div class=\"aio-icon-description ult-responsive\"  data-ultimate-target='#Info-box-wrap-5568 .aio-icon-description'  data-responsive-json-new='{\"font-size\":\"desktop:14px;\",\"line-height\":\"\"}'  style=\"color:#707070;\"><\/p>\n<p style=\"text-align: justify;\">Documentos de referencia para coordinadores y participantes. El coordinador puede a\u00f1adir material propio.<\/p>\n<p><\/div> <!-- description --><\/div> <!-- aio-icon-box --><\/div> <!-- aio-icon-component --><div class=\"aio-icon-component  vc_custom_1555602013057   style_2\"><div id=\"Info-box-wrap-3093\" class=\"aio-icon-box default-icon\" style=\"\"  ><div class=\"aio-icon-default\"><div class=\"ult-just-icon-wrapper  \"><div class=\"align-icon\" style=\"text-align:center;\">\n<div class=\"aio-icon none \"  style=\"color:#154096;font-size:25px;display:inline-block;\">\n\t<i class=\"Defaults-globe\"><\/i>\n<\/div><\/div><\/div><\/div><div class=\"aio-icon-header\" ><h3 class=\"aio-icon-title ult-responsive\"  data-ultimate-target='#Info-box-wrap-3093 .aio-icon-title'  data-responsive-json-new='{\"font-size\":\"\",\"line-height\":\"\"}'  style=\"color:#000000;\">Espa\u00f1ol, Ingl\u00e9s y Portugu\u00e9s<\/h3><\/div> <!-- header --><div class=\"aio-icon-description ult-responsive\"  data-ultimate-target='#Info-box-wrap-3093 .aio-icon-description'  data-responsive-json-new='{\"font-size\":\"desktop:14px;\",\"line-height\":\"\"}'  style=\"color:#707070;\"><\/p>\n<p style=\"text-align: justify;\">WebSimulador disponible en diferentes idiomas.<\/p>\n<p><\/div> <!-- description --><\/div> <!-- aio-icon-box --><\/div> <!-- aio-icon-component --><div class=\"aio-icon-component  vc_custom_1481228916301   style_2\"><div id=\"Info-box-wrap-4467\" class=\"aio-icon-box default-icon\" style=\"\"  ><div class=\"aio-icon-default\"><div class=\"ult-just-icon-wrapper  \"><div class=\"align-icon\" style=\"text-align:center;\">\n<div class=\"aio-icon none \"  style=\"color:#154096;font-size:25px;display:inline-block;\">\n\t<i class=\"Defaults-table\"><\/i>\n<\/div><\/div><\/div><\/div><div class=\"aio-icon-header\" ><h3 class=\"aio-icon-title ult-responsive\"  data-ultimate-target='#Info-box-wrap-4467 .aio-icon-title'  data-responsive-json-new='{\"font-size\":\"\",\"line-height\":\"\"}'  style=\"color:#000000;\">Hoja de Notas<\/h3><\/div> <!-- header --><div class=\"aio-icon-description ult-responsive\"  data-ultimate-target='#Info-box-wrap-4467 .aio-icon-description'  data-responsive-json-new='{\"font-size\":\"desktop:14px;\",\"line-height\":\"\"}'  style=\"color:#707070;\"><\/p>\n<p style=\"text-align: justify;\">Evaluaci\u00f3n del desempe\u00f1o de los participantes y control de sus actividades.<\/p>\n<p><\/div> <!-- description --><\/div> <!-- aio-icon-box --><\/div> <!-- aio-icon-component -->[\/vc_column_inner][vc_column_inner width=\u00bb1\/3&#8243;]<div class=\"aio-icon-component  vc_custom_1479931933494   style_2\"><div id=\"Info-box-wrap-3071\" class=\"aio-icon-box default-icon\" style=\"\"  ><div class=\"aio-icon-default\"><div class=\"ult-just-icon-wrapper  \"><div class=\"align-icon\" style=\"text-align:center;\">\n<div class=\"aio-icon none \"  style=\"color:#154096;font-size:25px;display:inline-block;\">\n\t<i class=\"Defaults-road\"><\/i>\n<\/div><\/div><\/div><\/div><div class=\"aio-icon-header\" ><h3 class=\"aio-icon-title ult-responsive\"  data-ultimate-target='#Info-box-wrap-3071 .aio-icon-title'  data-responsive-json-new='{\"font-size\":\"\",\"line-height\":\"\"}'  style=\"color:#000000;\">Rastro<\/h3><\/div> <!-- header --><div class=\"aio-icon-description ult-responsive\"  data-ultimate-target='#Info-box-wrap-3071 .aio-icon-description'  data-responsive-json-new='{\"font-size\":\"desktop:14px;\",\"line-height\":\"\"}'  style=\"color:#707070;\"><\/p>\n<p style=\"text-align: justify;\">Historial de accesos y acciones en el WebSimulador de cada usuario (participantes, tutor o coordinador) de la simulaci\u00f3n.<\/p>\n<p><\/div> <!-- description --><\/div> <!-- aio-icon-box --><\/div> <!-- aio-icon-component --><div class=\"aio-icon-component  vc_custom_1479931949611   style_2\"><div id=\"Info-box-wrap-6455\" class=\"aio-icon-box default-icon\" style=\"\"  ><div class=\"aio-icon-default\"><div class=\"ult-just-icon-wrapper  \"><div class=\"align-icon\" style=\"text-align:center;\">\n<div class=\"aio-icon none \"  style=\"color:#154096;font-size:25px;display:inline-block;\">\n\t<i class=\"Defaults-edit pencil-square-o\"><\/i>\n<\/div><\/div><\/div><\/div><div class=\"aio-icon-header\" ><h3 class=\"aio-icon-title ult-responsive\"  data-ultimate-target='#Info-box-wrap-6455 .aio-icon-title'  data-responsive-json-new='{\"font-size\":\"\",\"line-height\":\"\"}'  style=\"color:#000000;\">Certificado de Participaci\u00f3n<\/h3><\/div> <!-- header --><div class=\"aio-icon-description ult-responsive\"  data-ultimate-target='#Info-box-wrap-6455 .aio-icon-description'  data-responsive-json-new='{\"font-size\":\"desktop:14px;\",\"line-height\":\"\"}'  style=\"color:#707070;\"><\/p>\n<p style=\"text-align: justify;\">Emisi\u00f3n de certificados para los participantes.<\/p>\n<p><\/div> <!-- description --><\/div> <!-- aio-icon-box --><\/div> <!-- aio-icon-component --><div class=\"aio-icon-component  vc_custom_1499696513662   style_2\"><div id=\"Info-box-wrap-7820\" class=\"aio-icon-box default-icon\" style=\"\"  ><div class=\"aio-icon-default\"><div class=\"ult-just-icon-wrapper  \"><div class=\"align-icon\" style=\"text-align:center;\">\n<div class=\"aio-icon none \"  style=\"color:#154096;font-size:25px;display:inline-block;\">\n\t<i class=\"Defaults-fax\"><\/i>\n<\/div><\/div><\/div><\/div><div class=\"aio-icon-header\" ><h3 class=\"aio-icon-title ult-responsive\"  data-ultimate-target='#Info-box-wrap-7820 .aio-icon-title'  data-responsive-json-new='{\"font-size\":\"\",\"line-height\":\"\"}'  style=\"color:#000000;\">Muro de Comentarios<\/h3><\/div> <!-- header --><div class=\"aio-icon-description ult-responsive\"  data-ultimate-target='#Info-box-wrap-7820 .aio-icon-description'  data-responsive-json-new='{\"font-size\":\"desktop:14px;\",\"line-height\":\"\"}'  style=\"color:#707070;\"><\/p>\n<p style=\"text-align: justify;\">Espacio para recados del coordinador a todos de la simulaci\u00f3n.<\/p>\n<p><\/div> <!-- description --><\/div> <!-- aio-icon-box --><\/div> <!-- aio-icon-component -->[\/vc_column_inner][vc_column_inner width=\u00bb1\/3&#8243;]<div class=\"aio-icon-component  vc_custom_1479931988111   style_2\"><div id=\"Info-box-wrap-4702\" class=\"aio-icon-box default-icon\" style=\"\"  ><div class=\"aio-icon-default\"><div class=\"ult-just-icon-wrapper  \"><div class=\"align-icon\" style=\"text-align:center;\">\n<div class=\"aio-icon none \"  style=\"color:#154096;font-size:25px;display:inline-block;\">\n\t<i class=\"Defaults-envelope-o\"><\/i>\n<\/div><\/div><\/div><\/div><div class=\"aio-icon-header\" ><h3 class=\"aio-icon-title ult-responsive\"  data-ultimate-target='#Info-box-wrap-4702 .aio-icon-title'  data-responsive-json-new='{\"font-size\":\"\",\"line-height\":\"\"}'  style=\"color:#000000;\">Mensajes<\/h3><\/div> <!-- header --><div class=\"aio-icon-description ult-responsive\"  data-ultimate-target='#Info-box-wrap-4702 .aio-icon-description'  data-responsive-json-new='{\"font-size\":\"desktop:14px;\",\"line-height\":\"\"}'  style=\"color:#707070;\"><\/p>\n<p style=\"text-align: justify;\">Comunicaci\u00f3n directa entre coordinadores y participantes, dentro del simulador y con env\u00edo de e-mail.<\/p>\n<p><\/div> <!-- description --><\/div> <!-- aio-icon-box --><\/div> <!-- aio-icon-component --><div class=\"aio-icon-component  vc_custom_1562183722825   style_2\"><div id=\"Info-box-wrap-1610\" class=\"aio-icon-box default-icon\" style=\"\"  ><div class=\"aio-icon-default\"><div class=\"ult-just-icon-wrapper  \"><div class=\"align-icon\" style=\"text-align:center;\">\n<div class=\"aio-icon none \"  style=\"color:#154096;font-size:25px;display:inline-block;\">\n\t<i class=\"Defaults-calendar\"><\/i>\n<\/div><\/div><\/div><\/div><div class=\"aio-icon-header\" ><h3 class=\"aio-icon-title ult-responsive\"  data-ultimate-target='#Info-box-wrap-1610 .aio-icon-title'  data-responsive-json-new='{\"font-size\":\"\",\"line-height\":\"\"}'  style=\"color:#000000;\">Cronograma<\/h3><\/div> <!-- header --><div class=\"aio-icon-description ult-responsive\"  data-ultimate-target='#Info-box-wrap-1610 .aio-icon-description'  data-responsive-json-new='{\"font-size\":\"desktop:14px;\",\"line-height\":\"\"}'  style=\"color:#707070;\"><\/p>\n<p style=\"text-align: justify;\">Programaci\u00f3n de las actividades de la simulaci\u00f3n.<\/p>\n<p><\/div> <!-- description --><\/div> <!-- aio-icon-box --><\/div> <!-- aio-icon-component --><div class=\"aio-icon-component  vc_custom_1562183754175   style_2\"><div id=\"Info-box-wrap-5060\" class=\"aio-icon-box default-icon\" style=\"\"  ><div class=\"aio-icon-default\"><div class=\"ult-just-icon-wrapper  \"><div class=\"align-icon\" style=\"text-align:center;\">\n<div class=\"aio-icon none \"  style=\"color:#154096;font-size:25px;display:inline-block;\">\n\t<i class=\"Defaults-chain link\"><\/i>\n<\/div><\/div><\/div><\/div><div class=\"aio-icon-header\" ><h3 class=\"aio-icon-title ult-responsive\"  data-ultimate-target='#Info-box-wrap-5060 .aio-icon-title'  data-responsive-json-new='{\"font-size\":\"\",\"line-height\":\"\"}'  style=\"color:#000000;\">Acceso Individual y Colectivo<\/h3><\/div> <!-- header --><div class=\"aio-icon-description ult-responsive\"  data-ultimate-target='#Info-box-wrap-5060 .aio-icon-description'  data-responsive-json-new='{\"font-size\":\"desktop:14px;\",\"line-height\":\"\"}'  style=\"color:#707070;\"><\/p>\n<p style=\"text-align: justify;\">Acceso por usuarios individualizados o por equipo.<\/p>\n<p><\/div> <!-- description --><\/div> <!-- aio-icon-box --><\/div> <!-- aio-icon-component -->[\/vc_column_inner][\/vc_row_inner]<\/div>[\/vc_column][\/vc_row][vc_row][vc_column][vc_empty_space height=\u00bb30&#8243;]<div class=\"dt-fancy-separator h2-size style-double title-color\" style=\"width: 70%;\"><div class=\"dt-fancy-title\"><span class=\"separator-holder separator-left\"><\/span>Caracter\u00edsticas - SIBAN<span class=\"separator-holder separator-right\"><\/span><\/div><\/div>[vc_empty_space height=\u00bb15&#8243;][vc_column_text]<\/p>\n<p style=\"text-align: center;\"><span style=\"font-size: 12pt; color: #333333;\">Informaci\u00f3n sobre el Simulador Bancario para Juegos de Negocios.<br \/>\n<\/span><\/p>\n<p>[\/vc_column_text][\/vc_column][\/vc_row][vc_row][vc_column width=\u00bb1\/3&#8243;]<div class=\"ult_pricing_table_wrap ult_info_table ult_design_2  ult-cs-blue \">\n\t\t\t\t\t<div class=\"ult_pricing_table info_min_ht\" style=\" min-height:232px;\"><div id=\"Info-table-wrap-4512\" class=\"ult_pricing_heading\" style=\"\">\n\t\t\t\t\t\t\t<h3 class=\"ult-responsive\"  data-ultimate-target='#Info-table-wrap-4512 h3'  data-responsive-json-new='{\"font-size\":\"desktop:19px;\",\"line-height\":\"desktop:21px;\"}'  style=\"font-family:&#039;Open Sans&#039;;font-weight:bold;color:#ffffff;\">Escenarios Personalizables<\/h3><\/div><!--ult_pricing_heading--><div id=\"info_table_features_wrap-4863\"  data-ultimate-target='#info_table_features_wrap-4863.ult_price_features'  data-responsive-json-new='{\"font-size\":\"\",\"line-height\":\"\"}'  class=\"ult-responsive ult_price_features\" style=\"font-weight:normal;\">\n\t\t\t\t\t\t\t<p style=\"text-align: justify;\">El coordinador de la simulaci\u00f3n dibuja el escenario econ\u00f3mico de cada ronda, pudiendo controlar varias variables a fin de definir el nivel de complejidad del juego. Por lo tanto, cada juego de empresa es exclusivo y los escenarios son innumerables.<\/p>\n\n\t\t\t\t\t\t<\/div><!--ult_price_features--><div class=\"ult_clr\"><\/div>\n\t\t\t<\/div><!--pricing_table-->\n\t\t<\/div><!--pricing_table_wrap--><div class=\"ult_pricing_table_wrap ult_info_table ult_design_2  ult-cs-blue \">\n\t\t\t\t\t<div class=\"ult_pricing_table info_min_ht\" style=\" min-height:232px;\"><div id=\"Info-table-wrap-8663\" class=\"ult_pricing_heading\" style=\"\">\n\t\t\t\t\t\t\t<h3 class=\"ult-responsive\"  data-ultimate-target='#Info-table-wrap-8663 h3'  data-responsive-json-new='{\"font-size\":\"desktop:19px;\",\"line-height\":\"desktop:21px;\"}'  style=\"font-family:&#039;Open Sans&#039;;font-weight:bold;color:#ffffff;\">M\u00f3dulos SAD y SINVEST<\/h3><\/div><!--ult_pricing_heading--><div id=\"info_table_features_wrap-1045\"  data-ultimate-target='#info_table_features_wrap-1045.ult_price_features'  data-responsive-json-new='{\"font-size\":\"\",\"line-height\":\"\"}'  class=\"ult-responsive ult_price_features\" style=\"font-weight:normal;\">\n\t\t\t\t\t\t\t<p style=\"text-align: justify;\">Es posible expandir las posibilidades del juego de empresa y utilizar m\u00e1s recursos del simulador. El Sistema de Apoyo a las Decisiones (SAD) es una herramienta de ayuda a los participantes durante el proceso de toma de decisiones. Mientras que SINVEST simula la gesti\u00f3n de fondos de inversi\u00f3n en acciones.<\/p>\n\n\t\t\t\t\t\t<\/div><!--ult_price_features--><div class=\"ult_clr\"><\/div>\n\t\t\t<\/div><!--pricing_table-->\n\t\t<\/div><!--pricing_table_wrap-->[\/vc_column][vc_column width=\u00bb1\/3&#8243;]<div class=\"ult_pricing_table_wrap ult_info_table ult_design_2  ult-cs-blue \">\n\t\t\t\t\t<div class=\"ult_pricing_table info_min_ht\" style=\" min-height:232px;\"><div id=\"Info-table-wrap-2022\" class=\"ult_pricing_heading\" style=\"\">\n\t\t\t\t\t\t\t<h3 class=\"ult-responsive\"  data-ultimate-target='#Info-table-wrap-2022 h3'  data-responsive-json-new='{\"font-size\":\"desktop:19px;\",\"line-height\":\"desktop:21px;\"}'  style=\"font-family:&#039;Open Sans&#039;;font-weight:bold;color:#ffffff;\">Gr\u00e1ficos<\/h3><\/div><!--ult_pricing_heading--><div id=\"info_table_features_wrap-3916\"  data-ultimate-target='#info_table_features_wrap-3916.ult_price_features'  data-responsive-json-new='{\"font-size\":\"\",\"line-height\":\"\"}'  class=\"ult-responsive ult_price_features\" style=\"font-weight:normal;\">\n\t\t\t\t\t\t\t<p style=\"text-align: justify;\">Los usuarios visualizan y analizan los resultados de la simulaci\u00f3n gerencial a trav\u00e9s de gr\u00e1ficos macroecon\u00f3micos y de las empresas. Se presentan indicadores del mercado, la econom\u00eda y las empresas y sus resultados.<\/p>\n\n\t\t\t\t\t\t<\/div><!--ult_price_features--><div class=\"ult_clr\"><\/div>\n\t\t\t<\/div><!--pricing_table-->\n\t\t<\/div><!--pricing_table_wrap--><div class=\"ult_pricing_table_wrap ult_info_table ult_design_2  ult-cs-blue \">\n\t\t\t\t\t<div class=\"ult_pricing_table info_min_ht\" style=\" min-height:232px;\"><div id=\"Info-table-wrap-3618\" class=\"ult_pricing_heading\" style=\"\">\n\t\t\t\t\t\t\t<h3 class=\"ult-responsive\"  data-ultimate-target='#Info-table-wrap-3618 h3'  data-responsive-json-new='{\"font-size\":\"desktop:19px;\",\"line-height\":\"desktop:21px;\"}'  style=\"font-family:&#039;Open Sans&#039;;font-weight:bold;color:#ffffff;\">Fusi\u00f3n de Empresas<\/h3><\/div><!--ult_pricing_heading--><div id=\"info_table_features_wrap-8037\"  data-ultimate-target='#info_table_features_wrap-8037.ult_price_features'  data-responsive-json-new='{\"font-size\":\"\",\"line-height\":\"\"}'  class=\"ult-responsive ult_price_features\" style=\"font-weight:normal;\">\n\t\t\t\t\t\t\t<p style=\"text-align: justify;\">La fusi\u00f3n es la uni\u00f3n de empresas para formar una nueva, que les suceder\u00e1 en todos los derechos y obligaciones. En la simulaci\u00f3n, la fusi\u00f3n es tratada de forma simplificada, con los ajustes societarios siendo hechos por medio de intercambio de acciones entre las empresas involucradas.<\/p>\n\n\t\t\t\t\t\t<\/div><!--ult_price_features--><div class=\"ult_clr\"><\/div>\n\t\t\t<\/div><!--pricing_table-->\n\t\t<\/div><!--pricing_table_wrap-->[\/vc_column][vc_column width=\u00bb1\/3&#8243;]<div class=\"ult_pricing_table_wrap ult_info_table ult_design_2  ult-cs-blue \">\n\t\t\t\t\t<div class=\"ult_pricing_table info_min_ht\" style=\" min-height:232px;\"><div id=\"Info-table-wrap-4763\" class=\"ult_pricing_heading\" style=\"\">\n\t\t\t\t\t\t\t<h3 class=\"ult-responsive\"  data-ultimate-target='#Info-table-wrap-4763 h3'  data-responsive-json-new='{\"font-size\":\"desktop:19px;\",\"line-height\":\"desktop:21px;\"}'  style=\"font-family:&#039;Open Sans&#039;;font-weight:bold;color:#ffffff;\">Reportes<\/h3><\/div><!--ult_pricing_heading--><div id=\"info_table_features_wrap-3035\"  data-ultimate-target='#info_table_features_wrap-3035.ult_price_features'  data-responsive-json-new='{\"font-size\":\"\",\"line-height\":\"\"}'  class=\"ult-responsive ult_price_features\" style=\"font-weight:normal;\">\n\t\t\t\t\t\t\t<p style=\"text-align: justify;\">Se ofrecen en el simulador los reportes contables, de mercado, operacional, macroecon\u00f3mico y de costos. La informaci\u00f3n contenida en ellos es esencial y se utiliza como base para la toma de decisiones de las empresas.<\/p>\n\n\t\t\t\t\t\t<\/div><!--ult_price_features--><div class=\"ult_clr\"><\/div>\n\t\t\t<\/div><!--pricing_table-->\n\t\t<\/div><!--pricing_table_wrap-->[\/vc_column][\/vc_row]<\/p>\n<\/div>","protected":false},"excerpt":{"rendered":"<p>[vc_row][vc_column width=\u00bb1\/2&#8243;][vc_custom_heading text=\u00bb\u00bfQu\u00e9 es?\u00bb google_fonts=\u00bbfont_family:Raleway%3A100%2C200%2C300%2Cregular%2C500%2C600%2C700%2C800%2C900|font_style:700%20bold%20regular%3A700%3Anormal\u00bb][vc_column_text] Es un simulador destinado para la simulaci\u00f3n de procedimientos bancarios a trav\u00e9s de la toma de decisiones. Bancos simulados generan lucros por medio de la diferencia entre las tasas de inter\u00e9s de pr\u00e9stamos y las tasas cobradas en la hora del pagamento del dinero otorgado, operaci\u00f3n conocida como spread bancario.&hellip;<\/p>\n","protected":false},"author":1,"featured_media":0,"parent":2457,"menu_order":0,"comment_status":"closed","ping_status":"closed","template":"","meta":{"_monsterinsights_skip_tracking":false,"_monsterinsights_sitenote_active":false,"_monsterinsights_sitenote_note":"","_monsterinsights_sitenote_category":0,"footnotes":""},"class_list":["post-2574","page","type-page","status-publish","hentry","description-off"],"aioseo_notices":[],"_links":{"self":[{"href":"https:\/\/bernard.com.br\/es\/wp-json\/wp\/v2\/pages\/2574","targetHints":{"allow":["GET"]}}],"collection":[{"href":"https:\/\/bernard.com.br\/es\/wp-json\/wp\/v2\/pages"}],"about":[{"href":"https:\/\/bernard.com.br\/es\/wp-json\/wp\/v2\/types\/page"}],"author":[{"embeddable":true,"href":"https:\/\/bernard.com.br\/es\/wp-json\/wp\/v2\/users\/1"}],"replies":[{"embeddable":true,"href":"https:\/\/bernard.com.br\/es\/wp-json\/wp\/v2\/comments?post=2574"}],"version-history":[{"count":8,"href":"https:\/\/bernard.com.br\/es\/wp-json\/wp\/v2\/pages\/2574\/revisions"}],"predecessor-version":[{"id":5339,"href":"https:\/\/bernard.com.br\/es\/wp-json\/wp\/v2\/pages\/2574\/revisions\/5339"}],"up":[{"embeddable":true,"href":"https:\/\/bernard.com.br\/es\/wp-json\/wp\/v2\/pages\/2457"}],"wp:attachment":[{"href":"https:\/\/bernard.com.br\/es\/wp-json\/wp\/v2\/media?parent=2574"}],"curies":[{"name":"wp","href":"https:\/\/api.w.org\/{rel}","templated":true}]}}