{"id":2459,"date":"2017-06-29T11:02:16","date_gmt":"2017-06-29T14:02:16","guid":{"rendered":"https:\/\/bernard.com.br\/diferenciales\/"},"modified":"2022-06-02T20:55:51","modified_gmt":"2022-06-02T23:55:51","slug":"diferenciales","status":"publish","type":"page","link":"https:\/\/bernard.com.br\/es\/diferenciales\/","title":{"rendered":"Diferenciales"},"content":{"rendered":"<div class=\"wpb-content-wrapper\"><p>[vc_row type=\u00bbvc_default\u00bb full_width=\u00bbstretch_row\u00bb gap=\u00bb35&#8243; equal_height=\u00bbyes\u00bb bg_type=\u00bbbg_color\u00bb css=\u00bb.vc_custom_1479758197430{background-color: #eaeaea !important;background-position: center !important;background-repeat: no-repeat !important;background-size: cover !important;}\u00bb bg_color_value=\u00bb#e8e8e8&#8243;][vc_column width=\u00bb1\/3&#8243; animation=\u00bbbounce\u00bb css=\u00bb.vc_custom_1481565562314{background-color: #ffffff !important;border-radius: 5px !important;}\u00bb][vc_icon type=\u00bbentypo\u00bb icon_entypo=\u00bbentypo-icon entypo-icon-check\u00bb color=\u00bbwhite\u00bb background_style=\u00bbrounded\u00bb background_color=\u00bbcustom\u00bb size=\u00bblg\u00bb align=\u00bbcenter\u00bb custom_background_color=\u00bb#1e73be\u00bb link=\u00bburl:https%3A%2F%2Fbernard.com.br%2Fempresa%2F|title:Empresa||\u00bb][vc_custom_heading text=\u00bbEXPERIENCIA COMPROBADA\u00bb font_container=\u00bbtag:h3|text_align:center|color:%23000000&#8243; use_theme_fonts=\u00bbyes\u00bb link=\u00bburl:https%3A%2F%2Fbernard.com.br%2Fempresa%2F|title:Empresa||\u00bb][vc_column_text css=\u00bb.vc_custom_1561662549541{border-right-width: 2px !important;border-left-width: 2px !important;padding-right: 10px !important;padding-left: 10px !important;border-radius: 5px !important;}\u00bb]<\/p>\n<p style=\"text-align: justify;\">Actuamos en el desarrollo de simuladores gerenciales desde 1992. Poseemos un portafolio con m\u00e1s de 270 clientes.<\/p>\n<p>[\/vc_column_text][\/vc_column][vc_column width=\u00bb1\/3&#8243; animation=\u00bbbounce\u00bb css=\u00bb.vc_custom_1479759049000{background-color: #ffffff !important;border-radius: 5px !important;}\u00bb][vc_icon type=\u00bbentypo\u00bb icon_entypo=\u00bbentypo-icon entypo-icon-cloud-thunder\u00bb color=\u00bbwhite\u00bb background_style=\u00bbrounded\u00bb background_color=\u00bbcustom\u00bb size=\u00bblg\u00bb align=\u00bbcenter\u00bb custom_background_color=\u00bb#1e73be\u00bb link=\u00bburl:http%3A%2F%2Fwww.websimulador.com||target:%20_blank|\u00bb][vc_custom_heading text=\u00bbSIMULADORES EN LA WEB\u00bb font_container=\u00bbtag:h3|text_align:center|color:%23000000&#8243; use_theme_fonts=\u00bbyes\u00bb link=\u00bburl:http%3A%2F%2Fwww.websimulador.com||target:%20_blank|\u00bb][vc_column_text css=\u00bb.vc_custom_1494964031968{border-right-width: 2px !important;border-left-width: 2px !important;padding-right: 10px !important;padding-left: 10px !important;border-radius: 5px !important;}\u00bb]<\/p>\n<p style=\"text-align: justify;\">Nuestros sistemas tienen un ambiente totalmente adaptado a la web, ofreciendo a\u00fan m\u00e1s flexibilidad en el uso de la herramienta. El ambiente Web garantiza la movilidad y la viabilidad de uso en cualquier lugar, a cualquier distancia.<\/p>\n<p>[\/vc_column_text][\/vc_column][vc_column width=\u00bb1\/3&#8243; animation=\u00bbbounce\u00bb css=\u00bb.vc_custom_1479760300525{background-color: #ffffff !important;border-radius: 5px !important;}\u00bb][vc_icon type=\u00bbentypo\u00bb icon_entypo=\u00bbentypo-icon entypo-icon-archive\u00bb color=\u00bbwhite\u00bb background_style=\u00bbrounded\u00bb background_color=\u00bbcustom\u00bb size=\u00bblg\u00bb align=\u00bbcenter\u00bb custom_background_color=\u00bb#1e73be\u00bb][vc_custom_heading text=\u00bbMATERIAL DE APOYO\u00bb font_container=\u00bbtag:h3|text_align:center|color:%23000000&#8243; use_theme_fonts=\u00bbyes\u00bb][vc_column_text css=\u00bb.vc_custom_1482343146148{border-right-width: 2px !important;border-left-width: 2px !important;padding-right: 10px !important;padding-left: 10px !important;border-radius: 5px !important;}\u00bb]<\/p>\n<p style=\"text-align: justify;\">El coordinador recibe materiales de apoyo para la simulaci\u00f3n. Entre ellos, el manual del coordinador y de las empresas simuladas, FAQs, tutoriales. Adem\u00e1s de poder disponer materiales propios a los participantes directamente en el simulador, para facilitar el entendimiento del juego.<\/p>\n<p>[\/vc_column_text][\/vc_column][\/vc_row][vc_row type=\u00bbvc_default\u00bb full_width=\u00bbstretch_row\u00bb gap=\u00bb35&#8243; equal_height=\u00bbyes\u00bb bg_type=\u00bbbg_color\u00bb css=\u00bb.vc_custom_1479758197430{background-color: #eaeaea !important;background-position: center !important;background-repeat: no-repeat !important;background-size: cover !important;}\u00bb bg_color_value=\u00bb#e8e8e8&#8243;][vc_column width=\u00bb1\/3&#8243; animation=\u00bbbounce\u00bb css=\u00bb.vc_custom_1481565577892{background-color: #ffffff !important;border-radius: 5px !important;}\u00bb][vc_icon type=\u00bbentypo\u00bb icon_entypo=\u00bbentypo-icon entypo-icon-install\u00bb color=\u00bbwhite\u00bb background_style=\u00bbrounded\u00bb background_color=\u00bbcustom\u00bb size=\u00bblg\u00bb align=\u00bbcenter\u00bb custom_background_color=\u00bb#1e73be\u00bb][vc_custom_heading text=\u00bbACTUALIZACIONES CONSTANTES\u00bb font_container=\u00bbtag:h3|text_align:center|color:%23000000&#8243; use_theme_fonts=\u00bbyes\u00bb][vc_column_text css=\u00bb.vc_custom_1561662577187{border-right-width: 2px !important;border-left-width: 2px !important;padding-right: 10px !important;padding-left: 10px !important;border-radius: 5px !important;}\u00bb]<\/p>\n<p style=\"text-align: justify;\">El WebSimulador, entorno de simulaci\u00f3n de Bernard, y los simuladores son constantemente actualizados con mejoras y novedades, buscando innovar y atender las expectativas de los usuarios. Los comentarios y sugerencias de los clientes son esenciales para nuestro desarrollo.<\/p>\n<p>[\/vc_column_text][\/vc_column][vc_column width=\u00bb1\/3&#8243; animation=\u00bbbounce\u00bb css=\u00bb.vc_custom_1481565586632{background-color: #ffffff !important;border-radius: 5px !important;}\u00bb][vc_icon type=\u00bbentypo\u00bb icon_entypo=\u00bbentypo-icon entypo-icon-info-circled\u00bb color=\u00bbwhite\u00bb background_style=\u00bbrounded\u00bb background_color=\u00bbcustom\u00bb size=\u00bblg\u00bb align=\u00bbcenter\u00bb custom_background_color=\u00bb#1e73be\u00bb][vc_custom_heading text=\u00bbSOFTWARE<br \/>\nDE CALIDAD\u00bb font_container=\u00bbtag:h3|text_align:center|color:%23000000&#8243; use_theme_fonts=\u00bbyes\u00bb][vc_column_text css=\u00bb.vc_custom_1561662641966{border-right-width: 2px !important;border-left-width: 2px !important;padding-right: 10px !important;padding-left: 10px !important;border-radius: 5px !important;}\u00bb]<\/p>\n<p style=\"text-align: justify;\">Nuestros clientes tienen acceso a las herramientas de juegos de negocios consolidadas en el mercado. Ellos disfrutan de todos los beneficios de la metodolog\u00eda de simulaci\u00f3n gerencial utilizando softwares de calidad comprobada.<\/p>\n<p>[\/vc_column_text][\/vc_column][vc_column width=\u00bb1\/3&#8243; animation=\u00bbbounce\u00bb css=\u00bb.vc_custom_1479760307157{background-color: #ffffff !important;border-radius: 5px !important;}\u00bb][vc_icon type=\u00bbentypo\u00bb icon_entypo=\u00bbentypo-icon entypo-icon-star-empty\u00bb color=\u00bbwhite\u00bb background_style=\u00bbrounded\u00bb background_color=\u00bbcustom\u00bb size=\u00bblg\u00bb align=\u00bbcenter\u00bb custom_background_color=\u00bb#1e73be\u00bb link=\u00bb|||\u00bb][vc_custom_heading text=\u00bbPROFESIONALISMO EVIDENCIADO\u00bb font_container=\u00bbtag:h3|text_align:center|color:%23000000&#8243; use_theme_fonts=\u00bbyes\u00bb][vc_column_text css=\u00bb.vc_custom_1482343294859{border-right-width: 2px !important;border-left-width: 2px !important;padding-right: 10px !important;padding-left: 10px !important;border-radius: 5px !important;}\u00bb]<\/p>\n<p style=\"text-align: justify;\">Los premios recibidos a lo largo de los a\u00f1os respaldan nuestro profesionalismo. Entre estos premios, destacan el Premio Talentos Emprendedores (2006), Premio Movimiento Brasil Competitivo (2007), Proyecto Progressus (2008\/2009), Premio de Competitividad para MPEs (2009) y Best Paper Award (2010).<\/p>\n<p>[\/vc_column_text][\/vc_column][\/vc_row][vc_row type=\u00bbvc_default\u00bb full_width=\u00bbstretch_row\u00bb gap=\u00bb35&#8243; equal_height=\u00bbyes\u00bb bg_type=\u00bbbg_color\u00bb css=\u00bb.vc_custom_1479758197430{background-color: #eaeaea !important;background-position: center !important;background-repeat: no-repeat !important;background-size: cover !important;}\u00bb bg_color_value=\u00bb#e8e8e8&#8243;][vc_column width=\u00bb1\/3&#8243; animation=\u00bbbounce\u00bb css=\u00bb.vc_custom_1481565604947{background-color: #ffffff !important;border-radius: 5px !important;}\u00bb][vc_icon type=\u00bbentypo\u00bb icon_entypo=\u00bbentypo-icon entypo-icon-address\u00bb color=\u00bbwhite\u00bb background_style=\u00bbrounded\u00bb background_color=\u00bbcustom\u00bb size=\u00bblg\u00bb align=\u00bbcenter\u00bb custom_background_color=\u00bb#1e73be\u00bb][vc_custom_heading text=\u00bbPARAMETRIZACI\u00d3N DE ESCENARIOS\u00bb font_container=\u00bbtag:h3|text_align:center|color:%23000000&#8243; use_theme_fonts=\u00bbyes\u00bb][vc_column_text css=\u00bb.vc_custom_1558649084699{border-right-width: 2px !important;border-left-width: 2px !important;padding-right: 10px !important;padding-left: 10px !important;border-radius: 5px !important;}\u00bb]<\/p>\n<p style=\"text-align: justify;\">El coordinador de la simulaci\u00f3n es quien dibuja el escenario de cada ronda, pudiendo controlar innumerables variables a fin de definir el nivel de complejidad del juego.<\/p>\n<p>[\/vc_column_text][\/vc_column][vc_column width=\u00bb1\/3&#8243; animation=\u00bbbounce\u00bb css=\u00bb.vc_custom_1481565613728{background-color: #ffffff !important;border-radius: 5px !important;}\u00bb][vc_icon type=\u00bbentypo\u00bb icon_entypo=\u00bbentypo-icon entypo-icon-globe\u00bb color=\u00bbwhite\u00bb background_style=\u00bbrounded\u00bb background_color=\u00bbcustom\u00bb size=\u00bblg\u00bb align=\u00bbcenter\u00bb custom_background_color=\u00bb#1e73be\u00bb][vc_custom_heading text=\u00bbM\u00daLTIPLES<br \/>\nIDIOMAS\u00bb font_container=\u00bbtag:h3|text_align:center|color:%23000000&#8243; use_theme_fonts=\u00bbyes\u00bb][vc_column_text css=\u00bb.vc_custom_1634340979334{border-right-width: 2px !important;border-left-width: 2px !important;padding-right: 10px !important;padding-left: 10px !important;border-radius: 5px !important;}\u00bb]<\/p>\n<p style=\"text-align: justify;\">Los simuladores de la empresa est\u00e1n internacionalizados en los siguientes idiomas: Portugu\u00e9s, Ingl\u00e9s y Espa\u00f1ol. \u00a1Utiliza a Bernard por todo el mundo!<\/p>\n<p>[\/vc_column_text][\/vc_column][vc_column width=\u00bb1\/3&#8243; animation=\u00bbbounce\u00bb css=\u00bb.vc_custom_1479760293095{background-color: #ffffff !important;border-radius: 5px !important;}\u00bb][vc_icon type=\u00bbentypo\u00bb icon_entypo=\u00bbentypo-icon entypo-icon-trophy\u00bb color=\u00bbwhite\u00bb background_style=\u00bbrounded\u00bb background_color=\u00bbcustom\u00bb size=\u00bblg\u00bb align=\u00bbcenter\u00bb custom_background_color=\u00bb#1e73be\u00bb link=\u00bb||target:%20_blank|\u00bb][vc_custom_heading text=\u00bbTORNEO<br \/>\nGERENCIAL\u00bb font_container=\u00bbtag:h3|text_align:center|color:%23000000&#8243; use_theme_fonts=\u00bbyes\u00bb][vc_column_text css=\u00bb.vc_custom_1494964319550{border-right-width: 2px !important;border-left-width: 2px !important;padding-right: 10px !important;padding-left: 10px !important;border-radius: 5px !important;}\u00bb]<\/p>\n<p style=\"text-align: justify;\">Bernard realiza anualmente, desde 1998, el mayor torneo de negocios acad\u00e9mico de Brasil, con el uso de los simuladores gerenciales desarrollados por la empresa.<\/p>\n<p>[\/vc_column_text][\/vc_column][\/vc_row][vc_row type=\u00bbvc_default\u00bb full_width=\u00bbstretch_row\u00bb gap=\u00bb35&#8243; equal_height=\u00bbyes\u00bb bg_type=\u00bbbg_color\u00bb css=\u00bb.vc_custom_1479758197430{background-color: #eaeaea !important;background-position: center !important;background-repeat: no-repeat !important;background-size: cover !important;}\u00bb bg_color_value=\u00bb#e8e8e8&#8243;][vc_column width=\u00bb1\/2&#8243; animation=\u00bbbounce\u00bb css=\u00bb.vc_custom_1479760875385{background-color: #ffffff !important;border-radius: 5px !important;}\u00bb][vc_icon type=\u00bbentypo\u00bb icon_entypo=\u00bbentypo-icon entypo-icon-graduation-cap\u00bb color=\u00bbwhite\u00bb background_style=\u00bbrounded\u00bb background_color=\u00bbcustom\u00bb size=\u00bblg\u00bb align=\u00bbcenter\u00bb custom_background_color=\u00bb#1e73be\u00bb link=\u00bburl:https%3A%2F%2Fbernard.com.br%2Fempresa%2F|title:Empresa||\u00bb][vc_custom_heading text=\u00bbAMPLO CONTACTO CON EL MEDIO ACAD\u00c9MICO\u00bb font_container=\u00bbtag:h3|text_align:center|color:%23000000&#8243; use_theme_fonts=\u00bbyes\u00bb link=\u00bburl:https%3A%2F%2Fbernard.com.br%2Fempresa%2F|title:Empresa||\u00bb][vc_column_text css=\u00bb.vc_custom_1482343473786{border-right-width: 2px !important;border-left-width: 2px !important;padding-right: 10px !important;padding-left: 10px !important;border-radius: 5px !important;}\u00bb]<\/p>\n<p style=\"text-align: justify;\">Bernard est\u00e1 en constante contacto con la academia y con el mercado internacional de simulaci\u00f3n gerencial. En nuestro equipo, poseemos profesores (maestros y doctores), adem\u00e1s de alianzas con instituciones de ense\u00f1anza e investigaci\u00f3n. Adem\u00e1s, a trav\u00e9s de sus socios, Bernard est\u00e1 asociada a la ABSEL (Asociaci\u00f3n para el aprendizaje y la experiencia de aprendizaje), la mayor organizaci\u00f3n mundial con foco en la ense\u00f1anza gerencial con la utilizaci\u00f3n de t\u00e9cnicas de simulaci\u00f3n gerencial. Esto permite el mantenimiento de la calidad de las soluciones en un alto nivel, equiparado a las mejores encontradas en el mercado internacional.<\/p>\n<p>[\/vc_column_text][\/vc_column][vc_column width=\u00bb1\/2&#8243; animation=\u00bbbounce\u00bb css=\u00bb.vc_custom_1481565630431{background-color: #ffffff !important;border-radius: 5px !important;}\u00bb][vc_icon type=\u00bbentypo\u00bb icon_entypo=\u00bbentypo-icon entypo-icon-network\u00bb color=\u00bbwhite\u00bb background_style=\u00bbrounded\u00bb background_color=\u00bbcustom\u00bb size=\u00bblg\u00bb align=\u00bbcenter\u00bb custom_background_color=\u00bb#1e73be\u00bb][vc_custom_heading text=\u00bbFLEXIBILIDAD DE UTILIZACI\u00d3N EN CURSOS A DISTANCIA\u00bb font_container=\u00bbtag:h3|text_align:center|color:%23000000&#8243; use_theme_fonts=\u00bbyes\u00bb][vc_column_text css=\u00bb.vc_custom_1561662759330{border-right-width: 2px !important;border-left-width: 2px !important;padding-right: 10px !important;padding-left: 10px !important;border-radius: 5px !important;}\u00bb]<\/p>\n<p style=\"text-align: justify;\">A trav\u00e9s de la plataforma Web, los simuladores de Bernard permiten dos formas de utilizaci\u00f3n en cursos a distancia: El coordinador puede conducir las simulaciones o la instituci\u00f3n puede contratar a Bernard para la conducci\u00f3n de las simulaciones. Ofrecemos profesionales con gran experiencia en juegos empresariales para la conducci\u00f3n de simulaciones a distancia. Hasta hoy, estos cursos realizados por Bernard ya han tenido m\u00e1s de 35.000 participantes.<\/p>\n<p>[\/vc_column_text][\/vc_column][\/vc_row]<\/p>\n<\/div>","protected":false},"excerpt":{"rendered":"<p>[vc_row type=\u00bbvc_default\u00bb full_width=\u00bbstretch_row\u00bb gap=\u00bb35&#8243; equal_height=\u00bbyes\u00bb bg_type=\u00bbbg_color\u00bb css=\u00bb.vc_custom_1479758197430{background-color: #eaeaea !important;background-position: center !important;background-repeat: no-repeat !important;background-size: cover !important;}\u00bb bg_color_value=\u00bb#e8e8e8&#8243;][vc_column width=\u00bb1\/3&#8243; animation=\u00bbbounce\u00bb css=\u00bb.vc_custom_1481565562314{background-color: #ffffff !important;border-radius: 5px !important;}\u00bb][vc_icon type=\u00bbentypo\u00bb icon_entypo=\u00bbentypo-icon entypo-icon-check\u00bb color=\u00bbwhite\u00bb background_style=\u00bbrounded\u00bb background_color=\u00bbcustom\u00bb size=\u00bblg\u00bb align=\u00bbcenter\u00bb custom_background_color=\u00bb#1e73be\u00bb link=\u00bburl:https%3A%2F%2Fbernard.com.br%2Fempresa%2F|title:Empresa||\u00bb][vc_custom_heading text=\u00bbEXPERIENCIA COMPROBADA\u00bb font_container=\u00bbtag:h3|text_align:center|color:%23000000&#8243; use_theme_fonts=\u00bbyes\u00bb link=\u00bburl:https%3A%2F%2Fbernard.com.br%2Fempresa%2F|title:Empresa||\u00bb][vc_column_text css=\u00bb.vc_custom_1561662549541{border-right-width: 2px !important;border-left-width: 2px !important;padding-right: 10px !important;padding-left: 10px !important;border-radius: 5px !important;}\u00bb] Actuamos en el desarrollo de simuladores&hellip;<\/p>\n","protected":false},"author":1,"featured_media":0,"parent":0,"menu_order":0,"comment_status":"closed","ping_status":"closed","template":"","meta":{"_monsterinsights_skip_tracking":false,"_monsterinsights_sitenote_active":false,"_monsterinsights_sitenote_note":"","_monsterinsights_sitenote_category":0,"footnotes":""},"class_list":["post-2459","page","type-page","status-publish","hentry","description-off"],"aioseo_notices":[],"_links":{"self":[{"href":"https:\/\/bernard.com.br\/es\/wp-json\/wp\/v2\/pages\/2459","targetHints":{"allow":["GET"]}}],"collection":[{"href":"https:\/\/bernard.com.br\/es\/wp-json\/wp\/v2\/pages"}],"about":[{"href":"https:\/\/bernard.com.br\/es\/wp-json\/wp\/v2\/types\/page"}],"author":[{"embeddable":true,"href":"https:\/\/bernard.com.br\/es\/wp-json\/wp\/v2\/users\/1"}],"replies":[{"embeddable":true,"href":"https:\/\/bernard.com.br\/es\/wp-json\/wp\/v2\/comments?post=2459"}],"version-history":[{"count":7,"href":"https:\/\/bernard.com.br\/es\/wp-json\/wp\/v2\/pages\/2459\/revisions"}],"predecessor-version":[{"id":6425,"href":"https:\/\/bernard.com.br\/es\/wp-json\/wp\/v2\/pages\/2459\/revisions\/6425"}],"wp:attachment":[{"href":"https:\/\/bernard.com.br\/es\/wp-json\/wp\/v2\/media?parent=2459"}],"curies":[{"name":"wp","href":"https:\/\/api.w.org\/{rel}","templated":true}]}}