{"id":2457,"date":"2017-06-29T10:52:43","date_gmt":"2017-06-29T13:52:43","guid":{"rendered":"https:\/\/bernard.com.br\/simuladores\/"},"modified":"2022-06-02T21:21:19","modified_gmt":"2022-06-03T00:21:19","slug":"simuladores","status":"publish","type":"page","link":"https:\/\/bernard.com.br\/es\/simuladores\/","title":{"rendered":"Simuladores"},"content":{"rendered":"<div class=\"wpb-content-wrapper\"><p>[vc_row][vc_column width=\u00bb1\/3&#8243;]<div class=\"ult_pricing_table_wrap ult_info_table ult_design_6  ult-cs-blue  \">\n\t\t\t\t\t<div class=\"ult_pricing_table info_min_ht\" style=\" min-height:15px;\"><div id=\"Info-table-wrap-2859\" class=\"ult_pricing_heading\" style=\"\">\n\t\t\t\t\t\t\t<h3 class=\"ult-responsive\"  data-ultimate-target='#Info-table-wrap-2859 h3'  data-responsive-json-new='{\"font-size\":\"desktop:19px;\",\"line-height\":\"desktop:22px;\"}'  style=\"font-family:&#039;Open Sans&#039;;font-weight:bold;color:#ffffff;\">SIMULADOR INDUSTRIAL (SIND)<\/h3><\/div><!--ult_pricing_heading--><div class=\"ult_price_body_block\" style=\"\">\n\t\t\t\t\t\t\t<div class=\"ult_price_body\">\n\t\t\t\t\t\t\t\t<div class=\"ult_price\">\n\t\t\t\t\t\t\t\t\t<div class=\"ult-just-icon-wrapper  \"><div class=\"align-icon\" style=\"text-align:center;\">\n<div class=\"aio-icon-img \" style=\"font-size:50px;display:inline-block;\" >\n\t<img decoding=\"async\" class=\"img-icon\" alt=\"jogo de empresa industrial\" src=\"https:\/\/bernard.com.br\/wp-content\/uploads\/2016\/10\/SIND.png\"\/>\n<\/div><\/div><\/div>\n\t\t\t\t\t\t\t\t<\/div>\n\t\t\t\t\t\t\t<\/div>\n\t\t\t\t\t\t<\/div><!--ult_price_body_block--><div id=\"info_table_features_wrap-1523\"  data-ultimate-target='#info_table_features_wrap-1523.ult_price_features'  data-responsive-json-new='{\"font-size\":\"\",\"line-height\":\"\"}'  class=\"ult-responsive ult_price_features\" style=\"font-weight:normal;\">\n\t\t\t\t\t\t\t<p style=\"text-align: justify;\">Las empresas simuladas deben producir y vender bienes de consumo duraderos, que se comercializan en diversas regiones, incluso hacia el exterior.<\/p>\n\n\t\t\t\t\t\t<\/div><!--ult_price_features--><div id=\"info_table_btn_wrap-8579\" class=\"ult_price_link\" style=\"\">\n\t\t\t\t\t\t\t<a href=\"https:\/\/bernard.com.br\/es\/simuladores\/industrial-sind\/\"   data-ultimate-target='#info_table_btn_wrap-8579 .ult_price_action_button'  data-responsive-json-new='{\"font-size\":\"\",\"line-height\":\"\"}'  class=\"ult-responsive ult_price_action_button\" style=\" font-weight:normal;\">\u00a1Quiero saber m\u00e1s del SIND!<\/a>\n\t\t\t\t\t\t<\/div><!--ult_price_link--><div class=\"ult_clr\"><\/div>\n\t\t\t<\/div><!--pricing_table-->\n\t\t<\/div><!--pricing_table_wrap--><div class=\"ult_pricing_table_wrap ult_info_table ult_design_6  ult-cs-blue  \">\n\t\t\t\t\t<div class=\"ult_pricing_table info_min_ht\" style=\" min-height:15px;\"><div id=\"Info-table-wrap-2315\" class=\"ult_pricing_heading\" style=\"\">\n\t\t\t\t\t\t\t<h3 class=\"ult-responsive\"  data-ultimate-target='#Info-table-wrap-2315 h3'  data-responsive-json-new='{\"font-size\":\"desktop:18px;\",\"line-height\":\"desktop:22px;\"}'  style=\"font-family:&#039;Open Sans&#039;;font-weight:bold;color:#ffffff;\">SIMULADOR DE AGRONEGOCIOS (SIAGRO)<\/h3><\/div><!--ult_pricing_heading--><div class=\"ult_price_body_block\" style=\"\">\n\t\t\t\t\t\t\t<div class=\"ult_price_body\">\n\t\t\t\t\t\t\t\t<div class=\"ult_price\">\n\t\t\t\t\t\t\t\t\t<div class=\"ult-just-icon-wrapper  \"><div class=\"align-icon\" style=\"text-align:center;\">\n<div class=\"aio-icon-img \" style=\"font-size:50px;display:inline-block;\" >\n\t<img decoding=\"async\" class=\"img-icon\" alt=\"jogo de empresa agronegocios\" src=\"https:\/\/bernard.com.br\/wp-content\/uploads\/2016\/10\/SIAGRO.png\"\/>\n<\/div><\/div><\/div>\n\t\t\t\t\t\t\t\t<\/div>\n\t\t\t\t\t\t\t<\/div>\n\t\t\t\t\t\t<\/div><!--ult_price_body_block--><div id=\"info_table_features_wrap-1823\"  data-ultimate-target='#info_table_features_wrap-1823.ult_price_features'  data-responsive-json-new='{\"font-size\":\"\",\"line-height\":\"\"}'  class=\"ult-responsive ult_price_features\" style=\"font-weight:normal;\">\n\t\t\t\t\t\t\t<p style=\"text-align: justify;\">Son simuladas empresas como peque\u00f1as industrias y cooperativas de productores rurales. En ellas se compr\u00f3 materias primas agr\u00edcolas de productores rurales o intermediarios que se transforman en productos de consumo.<\/p>\n\n\t\t\t\t\t\t<\/div><!--ult_price_features--><div id=\"info_table_btn_wrap-4850\" class=\"ult_price_link\" style=\"\">\n\t\t\t\t\t\t\t<a href=\"https:\/\/bernard.com.br\/es\/simuladores\/agronegocios-siagro\/\"   data-ultimate-target='#info_table_btn_wrap-4850 .ult_price_action_button'  data-responsive-json-new='{\"font-size\":\"\",\"line-height\":\"\"}'  class=\"ult-responsive ult_price_action_button\" style=\" font-weight:normal;\">\u00a1Quiero saber m\u00e1s de SIAGRO!<\/a>\n\t\t\t\t\t\t<\/div><!--ult_price_link--><div class=\"ult_clr\"><\/div>\n\t\t\t<\/div><!--pricing_table-->\n\t\t<\/div><!--pricing_table_wrap-->[\/vc_column][vc_column width=\u00bb1\/3&#8243;]<div class=\"ult_pricing_table_wrap ult_info_table ult_design_6  ult-cs-blue  \">\n\t\t\t\t\t<div class=\"ult_pricing_table \" style=\" \"><div id=\"Info-table-wrap-8205\" class=\"ult_pricing_heading\" style=\"\">\n\t\t\t\t\t\t\t<h3 class=\"ult-responsive\"  data-ultimate-target='#Info-table-wrap-8205 h3'  data-responsive-json-new='{\"font-size\":\"desktop:19px;\",\"line-height\":\"desktop:22px;\"}'  style=\"font-family:&#039;Open Sans&#039;;font-weight:bold;color:#ffffff;\">SIMULADOR COMERCIAL (SIMCO)<\/h3><\/div><!--ult_pricing_heading--><div class=\"ult_price_body_block\" style=\"\">\n\t\t\t\t\t\t\t<div class=\"ult_price_body\">\n\t\t\t\t\t\t\t\t<div class=\"ult_price\">\n\t\t\t\t\t\t\t\t\t<div class=\"ult-just-icon-wrapper  \"><div class=\"align-icon\" style=\"text-align:center;\">\n<div class=\"aio-icon-img \" style=\"font-size:50px;display:inline-block;\" >\n\t<img decoding=\"async\" class=\"img-icon\" alt=\"jogo de empresa comercial\" src=\"https:\/\/bernard.com.br\/wp-content\/uploads\/2016\/10\/SIMCO.png\"\/>\n<\/div><\/div><\/div>\n\t\t\t\t\t\t\t\t<\/div>\n\t\t\t\t\t\t\t<\/div>\n\t\t\t\t\t\t<\/div><!--ult_price_body_block--><div id=\"info_table_features_wrap-1604\"  data-ultimate-target='#info_table_features_wrap-1604.ult_price_features'  data-responsive-json-new='{\"font-size\":\"\",\"line-height\":\"\"}'  class=\"ult-responsive ult_price_features\" style=\"font-weight:normal;\">\n\t\t\t\t\t\t\t<p style=\"text-align: justify;\">Se administran tiendas de departamentos que comercializan productos perecederos y duraderos en el mercado tradicional y comercio electr\u00f3nico.<\/p>\n\n\t\t\t\t\t\t<\/div><!--ult_price_features--><div id=\"info_table_btn_wrap-2140\" class=\"ult_price_link\" style=\"\">\n\t\t\t\t\t\t\t<a href=\"https:\/\/bernard.com.br\/es\/simuladores\/comercial-simco\/\"   data-ultimate-target='#info_table_btn_wrap-2140 .ult_price_action_button'  data-responsive-json-new='{\"font-size\":\"\",\"line-height\":\"\"}'  class=\"ult-responsive ult_price_action_button\" style=\" font-weight:normal;\">\u00a1Quiero saber m\u00e1s de SIMCO!<\/a>\n\t\t\t\t\t\t<\/div><!--ult_price_link--><div class=\"ult_clr\"><\/div>\n\t\t\t<\/div><!--pricing_table-->\n\t\t<\/div><!--pricing_table_wrap--><div class=\"ult_pricing_table_wrap ult_info_table ult_design_6  ult-cs-blue  \">\n\t\t\t\t\t<div class=\"ult_pricing_table info_min_ht\" style=\" min-height:15px;\"><div id=\"Info-table-wrap-3687\" class=\"ult_pricing_heading\" style=\"\">\n\t\t\t\t\t\t\t<h3 class=\"ult-responsive\"  data-ultimate-target='#Info-table-wrap-3687 h3'  data-responsive-json-new='{\"font-size\":\"desktop:19px;\",\"line-height\":\"desktop:22px;\"}'  style=\"font-family:&#039;Open Sans&#039;;font-weight:bold;color:#ffffff;\">SIMULADOR BANCARIO (SIBAN)<\/h3><\/div><!--ult_pricing_heading--><div class=\"ult_price_body_block\" style=\"\">\n\t\t\t\t\t\t\t<div class=\"ult_price_body\">\n\t\t\t\t\t\t\t\t<div class=\"ult_price\">\n\t\t\t\t\t\t\t\t\t<div class=\"ult-just-icon-wrapper  \"><div class=\"align-icon\" style=\"text-align:center;\">\n<div class=\"aio-icon-img \" style=\"font-size:50px;display:inline-block;\" >\n\t<img decoding=\"async\" class=\"img-icon\" alt=\"jogo de empresa bancario\" src=\"https:\/\/bernard.com.br\/wp-content\/uploads\/2016\/12\/SISBAN.png\"\/>\n<\/div><\/div><\/div>\n\t\t\t\t\t\t\t\t<\/div>\n\t\t\t\t\t\t\t<\/div>\n\t\t\t\t\t\t<\/div><!--ult_price_body_block--><div id=\"info_table_features_wrap-2893\"  data-ultimate-target='#info_table_features_wrap-2893.ult_price_features'  data-responsive-json-new='{\"font-size\":\"\",\"line-height\":\"\"}'  class=\"ult-responsive ult_price_features\" style=\"font-weight:normal;\">\n\t\t\t\t\t\t\t<p style=\"text-align: justify;\">Los participantes gestionan a nivel estrat\u00e9gico, definiendo pol\u00edticas a ser implementadas por las agencias y ofreciendo una cartera de productos, englobando pr\u00e9stamos a personas f\u00edsicas y jur\u00eddicas, financiamientos inmobiliarios, t\u00edtulos del banco y ahorro.<\/p>\n\n\t\t\t\t\t\t<\/div><!--ult_price_features--><div id=\"info_table_btn_wrap-2308\" class=\"ult_price_link\" style=\"\">\n\t\t\t\t\t\t\t<a href=\"https:\/\/bernard.com.br\/es\/simuladores\/bancario-siban\/\"   data-ultimate-target='#info_table_btn_wrap-2308 .ult_price_action_button'  data-responsive-json-new='{\"font-size\":\"\",\"line-height\":\"\"}'  class=\"ult-responsive ult_price_action_button\" style=\" font-weight:normal;\">\u00a1Quiero saber m\u00e1s de SIBAN!<\/a>\n\t\t\t\t\t\t<\/div><!--ult_price_link--><div class=\"ult_clr\"><\/div>\n\t\t\t<\/div><!--pricing_table-->\n\t\t<\/div><!--pricing_table_wrap-->[\/vc_column][vc_column width=\u00bb1\/3&#8243;]<div class=\"ult_pricing_table_wrap ult_info_table ult_design_6  ult-cs-blue  \">\n\t\t\t\t\t<div class=\"ult_pricing_table info_min_ht\" style=\" min-height:15px;\"><div id=\"Info-table-wrap-3367\" class=\"ult_pricing_heading\" style=\"\">\n\t\t\t\t\t\t\t<h3 class=\"ult-responsive\"  data-ultimate-target='#Info-table-wrap-3367 h3'  data-responsive-json-new='{\"font-size\":\"desktop:19px;\",\"line-height\":\"desktop:22px;\"}'  style=\"font-family:&#039;Open Sans&#039;;font-weight:bold;color:#ffffff;\">SIMULADOR DE SERVICIOS (SISERV)<\/h3><\/div><!--ult_pricing_heading--><div class=\"ult_price_body_block\" style=\"\">\n\t\t\t\t\t\t\t<div class=\"ult_price_body\">\n\t\t\t\t\t\t\t\t<div class=\"ult_price\">\n\t\t\t\t\t\t\t\t\t<div class=\"ult-just-icon-wrapper  \"><div class=\"align-icon\" style=\"text-align:center;\">\n<div class=\"aio-icon-img \" style=\"font-size:50px;display:inline-block;\" >\n\t<img decoding=\"async\" class=\"img-icon\" alt=\"jogo_empresa_siserv\" src=\"https:\/\/bernard.com.br\/wp-content\/uploads\/2016\/06\/servicos-Gerenciados-128x128.png\"\/>\n<\/div><\/div><\/div>\n\t\t\t\t\t\t\t\t<\/div>\n\t\t\t\t\t\t\t<\/div>\n\t\t\t\t\t\t<\/div><!--ult_price_body_block--><div id=\"info_table_features_wrap-6437\"  data-ultimate-target='#info_table_features_wrap-6437.ult_price_features'  data-responsive-json-new='{\"font-size\":\"\",\"line-height\":\"\"}'  class=\"ult-responsive ult_price_features\" style=\"font-weight:normal;\">\n\t\t\t\t\t\t\t<p style=\"text-align: justify;\">Las empresas simuladas prestan servicios de baja (limpieza y seguridad), media (t\u00e9cnicos) y alta (analistas de sistemas y publicitarios) formaci\u00f3n.<\/p>\n\n\t\t\t\t\t\t<\/div><!--ult_price_features--><div id=\"info_table_btn_wrap-2193\" class=\"ult_price_link\" style=\"\">\n\t\t\t\t\t\t\t<a href=\"https:\/\/bernard.com.br\/es\/simuladores\/servicios-siserv\/\"   data-ultimate-target='#info_table_btn_wrap-2193 .ult_price_action_button'  data-responsive-json-new='{\"font-size\":\"\",\"line-height\":\"\"}'  class=\"ult-responsive ult_price_action_button\" style=\" font-weight:normal;\">\u00a1Quiero saber m\u00e1s de SISERV!<\/a>\n\t\t\t\t\t\t<\/div><!--ult_price_link--><div class=\"ult_clr\"><\/div>\n\t\t\t<\/div><!--pricing_table-->\n\t\t<\/div><!--pricing_table_wrap--><div class=\"ult_pricing_table_wrap ult_info_table ult_design_6  ult-cs-blue  \">\n\t\t\t\t\t<div class=\"ult_pricing_table info_min_ht\" style=\" min-height:15px;\"><div id=\"Info-table-wrap-3736\" class=\"ult_pricing_heading\" style=\"\">\n\t\t\t\t\t\t\t<h3 class=\"ult-responsive\"  data-ultimate-target='#Info-table-wrap-3736 h3'  data-responsive-json-new='{\"font-size\":\"desktop:19px;\",\"line-height\":\"desktop:22px;\"}'  style=\"font-family:&#039;Open Sans&#039;;font-weight:bold;color:#ffffff;\">SIMULADOR DE ASEGURADORAS (SISEG)<\/h3><\/div><!--ult_pricing_heading--><div class=\"ult_price_body_block\" style=\"\">\n\t\t\t\t\t\t\t<div class=\"ult_price_body\">\n\t\t\t\t\t\t\t\t<div class=\"ult_price\">\n\t\t\t\t\t\t\t\t\t<div class=\"ult-just-icon-wrapper  \"><div class=\"align-icon\" style=\"text-align:center;\">\n<div class=\"aio-icon-img \" style=\"font-size:50px;display:inline-block;\" >\n\t<img decoding=\"async\" class=\"img-icon\" alt=\"jogo de empresa seguros\" src=\"https:\/\/bernard.com.br\/wp-content\/uploads\/2016\/10\/SISEG.png\"\/>\n<\/div><\/div><\/div>\n\t\t\t\t\t\t\t\t<\/div>\n\t\t\t\t\t\t\t<\/div>\n\t\t\t\t\t\t<\/div><!--ult_price_body_block--><div id=\"info_table_features_wrap-4671\"  data-ultimate-target='#info_table_features_wrap-4671.ult_price_features'  data-responsive-json-new='{\"font-size\":\"\",\"line-height\":\"\"}'  class=\"ult-responsive ult_price_features\" style=\"font-weight:normal;\">\n\t\t\t\t\t\t\t<p style=\"text-align: justify;\">Los productos ofrecidos son: Seguro de Autom\u00f3vil, Ramos Elementales (RE) y Seguro de Vida. El canal de distribuci\u00f3n son los corredores, divididos en generalistas (peque\u00f1o, medio y grande) y especialistas (autom\u00f3vil, RE y vida).<\/p>\n\n\t\t\t\t\t\t<\/div><!--ult_price_features--><div id=\"info_table_btn_wrap-8884\" class=\"ult_price_link\" style=\"\">\n\t\t\t\t\t\t\t<a href=\"https:\/\/bernard.com.br\/es\/simuladores\/aseguradoras-siseg\/\"   data-ultimate-target='#info_table_btn_wrap-8884 .ult_price_action_button'  data-responsive-json-new='{\"font-size\":\"\",\"line-height\":\"\"}'  class=\"ult-responsive ult_price_action_button\" style=\" font-weight:normal;\">\u00a1Quiero saber m\u00e1s de SISEG!<\/a>\n\t\t\t\t\t\t<\/div><!--ult_price_link--><div class=\"ult_clr\"><\/div>\n\t\t\t<\/div><!--pricing_table-->\n\t\t<\/div><!--pricing_table_wrap-->[\/vc_column][\/vc_row]<\/p>\n<\/div>","protected":false},"excerpt":{"rendered":"<p>[vc_row][vc_column width=\u00bb1\/3&#8243;][\/vc_column][vc_column width=\u00bb1\/3&#8243;][\/vc_column][vc_column width=\u00bb1\/3&#8243;][\/vc_column][\/vc_row]<\/p>\n","protected":false},"author":1,"featured_media":0,"parent":0,"menu_order":0,"comment_status":"closed","ping_status":"closed","template":"","meta":{"_monsterinsights_skip_tracking":false,"_monsterinsights_sitenote_active":false,"_monsterinsights_sitenote_note":"","_monsterinsights_sitenote_category":0,"footnotes":""},"class_list":["post-2457","page","type-page","status-publish","hentry","description-off"],"aioseo_notices":[],"_links":{"self":[{"href":"https:\/\/bernard.com.br\/es\/wp-json\/wp\/v2\/pages\/2457","targetHints":{"allow":["GET"]}}],"collection":[{"href":"https:\/\/bernard.com.br\/es\/wp-json\/wp\/v2\/pages"}],"about":[{"href":"https:\/\/bernard.com.br\/es\/wp-json\/wp\/v2\/types\/page"}],"author":[{"embeddable":true,"href":"https:\/\/bernard.com.br\/es\/wp-json\/wp\/v2\/users\/1"}],"replies":[{"embeddable":true,"href":"https:\/\/bernard.com.br\/es\/wp-json\/wp\/v2\/comments?post=2457"}],"version-history":[{"count":5,"href":"https:\/\/bernard.com.br\/es\/wp-json\/wp\/v2\/pages\/2457\/revisions"}],"predecessor-version":[{"id":5323,"href":"https:\/\/bernard.com.br\/es\/wp-json\/wp\/v2\/pages\/2457\/revisions\/5323"}],"wp:attachment":[{"href":"https:\/\/bernard.com.br\/es\/wp-json\/wp\/v2\/media?parent=2457"}],"curies":[{"name":"wp","href":"https:\/\/api.w.org\/{rel}","templated":true}]}}